{"id":991171,"date":"2023-05-24T08:55:27","date_gmt":"2023-05-24T08:55:27","guid":{"rendered":"https:\/\/www.mindfulnessaccion.com\/breathworks-i-vidyamala-burch\/"},"modified":"2023-06-27T07:21:29","modified_gmt":"2023-06-27T07:21:29","slug":"breathworks-y-vidyamala-burch","status":"publish","type":"page","link":"https:\/\/www.mindfulnessaccion.com\/es\/breathworks-y-vidyamala-burch\/","title":{"rendered":"Breathworks y Vidyamala Burch"},"content":{"rendered":"<style>.elementor-991171 .elementor-element.elementor-element-2b340d6 > .elementor-container{min-height:300px;}.elementor-991171 .elementor-element.elementor-element-2b340d6:not(.elementor-motion-effects-element-type-background), .elementor-991171 .elementor-element.elementor-element-2b340d6 > .elementor-motion-effects-container > .elementor-motion-effects-layer{background-image:url(\"https:\/\/www.mindfulnessaccion.com\/wp-content\/uploads\/2023\/02\/bg-video.jpg\");background-position:center center;background-repeat:no-repeat;}.elementor-991171 .elementor-element.elementor-element-2b340d6{transition:background 0.3s, border 0.3s, border-radius 0.3s, box-shadow 0.3s;padding:50px 0px 0px 0px;}.elementor-991171 .elementor-element.elementor-element-2b340d6 > .elementor-background-overlay{transition:background 0.3s, border-radius 0.3s, opacity 0.3s;}.elementor-991171 .elementor-element.elementor-element-8db1e79 > .elementor-element-populated{padding:0px 0px 0px 0px;}.elementor-991171 .elementor-element.elementor-element-9a2d9b0{text-align:center;}.elementor-991171 .elementor-element.elementor-element-9a2d9b0 .elementor-heading-title{font-size:45px;color:#FFFFFF;}.elementor-991171 .elementor-element.elementor-element-e13eb6b{padding:50px 0px 50px 0px;}.elementor-991171 .elementor-element.elementor-element-2ec289a{text-align:center;}.elementor-991171 .elementor-element.elementor-element-2ec289a .elementor-heading-title{font-weight:900;color:#608EC0;}.elementor-991171 .elementor-element.elementor-element-ae77d66{padding:50px 0px 50px 0px;}.elementor-991171 .elementor-element.elementor-element-19b664d > .elementor-element-populated{padding:0px 0px 0px 30px;}.elementor-991171 .elementor-element.elementor-element-015ea1e{text-align:start;font-family:\"Archivo\", Arial;font-size:15px;line-height:25px;}.elementor-991171 .elementor-element.elementor-element-015ea1e > .elementor-widget-container{margin:0px 0px 0px 0px;padding:0px 0px 0px 0px;}.elementor-991171 .elementor-element.elementor-element-124dceb > .elementor-element-populated{padding:0px 50px 50px 50px;}.elementor-991171 .elementor-element.elementor-element-622a1b6 .elementor-wrapper{--video-aspect-ratio:1.77777;}.elementor-991171 .elementor-element.elementor-element-c786a8c{text-align:start;font-family:\"Archivo\", Arial;font-size:15px;line-height:25px;}.elementor-991171 .elementor-element.elementor-element-c786a8c > .elementor-widget-container{margin:0px 0px 0px 0px;padding:0px 0px 0px 0px;}.elementor-991171 .elementor-element.elementor-element-164370a{padding:50px 0px 50px 0px;}.elementor-991171 .elementor-element.elementor-element-d0b7013 > .elementor-element-populated{padding:0px 50px 50px 50px;}.elementor-991171 .elementor-element.elementor-element-1888e6f > .elementor-element-populated{padding:0px 0px 0px 30px;}.elementor-991171 .elementor-element.elementor-element-b24a825{text-align:center;}.elementor-991171 .elementor-element.elementor-element-b24a825 .elementor-heading-title{font-weight:900;color:#608EC0;}.elementor-991171 .elementor-element.elementor-element-71cc564{text-align:start;font-family:\"Archivo\", Arial;font-size:15px;line-height:25px;}.elementor-991171 .elementor-element.elementor-element-71cc564 > .elementor-widget-container{margin:0px 0px 0px 0px;padding:0px 0px 0px 0px;}@media(min-width:768px){.elementor-991171 .elementor-element.elementor-element-d0b7013{width:20%;}.elementor-991171 .elementor-element.elementor-element-1888e6f{width:80%;}}@media(max-width:767px){.elementor-991171 .elementor-element.elementor-element-19b664d > .elementor-element-populated{padding:0px 10px 0px 10px;}.elementor-991171 .elementor-element.elementor-element-1888e6f > .elementor-element-populated{padding:0px 10px 0px 10px;}.elementor-991171 .elementor-element.elementor-element-b24a825{text-align:center;}}<\/style>\t\t<div data-elementor-type=\"wp-page\" data-elementor-id=\"991171\" class=\"elementor elementor-991171 elementor-988845\" data-elementor-post-type=\"page\">\n\t\t\t\t\t\t<section class=\"elementor-section elementor-top-section elementor-element elementor-element-2b340d6 elementor-section-height-min-height elementor-section-boxed elementor-section-height-default elementor-section-items-middle\" data-id=\"2b340d6\" data-element_type=\"section\" data-e-type=\"section\" data-settings=\"{&quot;background_background&quot;:&quot;classic&quot;}\">\n\t\t\t\t\t\t<div class=\"elementor-container elementor-column-gap-default\">\n\t\t\t\t\t<div class=\"elementor-column elementor-col-100 elementor-top-column elementor-element elementor-element-8db1e79\" data-id=\"8db1e79\" data-element_type=\"column\" data-e-type=\"column\">\n\t\t\t<div class=\"elementor-widget-wrap elementor-element-populated\">\n\t\t\t\t\t\t<div class=\"elementor-element elementor-element-9a2d9b0 elementor-widget elementor-widget-heading\" data-id=\"9a2d9b0\" data-element_type=\"widget\" data-e-type=\"widget\" data-widget_type=\"heading.default\">\n\t\t\t\t<div class=\"elementor-widget-container\">\n\t\t\t\t\t<h1 class=\"elementor-heading-title elementor-size-default\">\nBreathworks y Vidyamala Burch\n<\/h1>\t\t\t\t<\/div>\n\t\t\t\t<\/div>\n\t\t\t\t\t<\/div>\n\t\t<\/div>\n\t\t\t\t\t<\/div>\n\t\t<\/section>\n\t\t\t\t<section class=\"elementor-section elementor-top-section elementor-element elementor-element-e13eb6b elementor-section-boxed elementor-section-height-default elementor-section-height-default\" data-id=\"e13eb6b\" data-element_type=\"section\" data-e-type=\"section\">\n\t\t\t\t\t\t<div class=\"elementor-container elementor-column-gap-default\">\n\t\t\t\t\t<div class=\"elementor-column elementor-col-100 elementor-top-column elementor-element elementor-element-6b87f11\" data-id=\"6b87f11\" data-element_type=\"column\" data-e-type=\"column\">\n\t\t\t<div class=\"elementor-widget-wrap elementor-element-populated\">\n\t\t\t\t\t\t<div class=\"elementor-element elementor-element-2ec289a elementor-widget elementor-widget-heading\" data-id=\"2ec289a\" data-element_type=\"widget\" data-e-type=\"widget\" data-widget_type=\"heading.default\">\n\t\t\t\t<div class=\"elementor-widget-container\">\n\t\t\t\t\t<h5 class=\"elementor-heading-title elementor-size-default\">\n\nVidyamala Burch es la fundadora de Respiravida\/Breathworks, maestra de meditaci\u00f3n al orden budista Triratna y referente mundial en el campo de Mindfulness.\n\n<\/h5>\t\t\t\t<\/div>\n\t\t\t\t<\/div>\n\t\t\t\t\t<\/div>\n\t\t<\/div>\n\t\t\t\t\t<\/div>\n\t\t<\/section>\n\t\t\t\t<section class=\"elementor-section elementor-top-section elementor-element elementor-element-ae77d66 elementor-section-boxed elementor-section-height-default elementor-section-height-default\" data-id=\"ae77d66\" data-element_type=\"section\" data-e-type=\"section\">\n\t\t\t\t\t\t<div class=\"elementor-container elementor-column-gap-default\">\n\t\t\t\t\t<div class=\"elementor-column elementor-col-50 elementor-top-column elementor-element elementor-element-19b664d\" data-id=\"19b664d\" data-element_type=\"column\" data-e-type=\"column\">\n\t\t\t<div class=\"elementor-widget-wrap elementor-element-populated\">\n\t\t\t\t\t\t<div class=\"elementor-element elementor-element-015ea1e elementor-widget elementor-widget-text-editor\" data-id=\"015ea1e\" data-element_type=\"widget\" data-e-type=\"widget\" data-widget_type=\"text-editor.default\">\n\t\t\t\t<div class=\"elementor-widget-container\">\n\t\t\t\t\t\t\t\t\t<div class=\"wpb_column vc_column_container vc_col-sm-8\"><div class=\"vc_column-inner\"><div class=\"wpb_wrapper\"><div class=\"wpb_text_column wpb_content_element \"><div class=\"wpb_wrapper\"><p>Autora de obras como \u00abVivir bien con el dolor y la enfermedad\u00bb y \u00abT\u00fa no eres t\u00fa dolor (Mindfulness para aliviar el dolor, reducir el estr\u00e9s y recuperar el benestar)\u00bb, Vidyamala atesora un gran conocimiento de la esencia humana, como demuestra con su valent\u00eda y ejemplo a la hora de abordar la compleja situaci\u00f3n que comporta hablar sin ambig\u00fcedades ni victimismo, pero con gran propiedad y decisi\u00f3n, de la compasi\u00f3n y su relaci\u00f3n real con el dolor cr\u00f3nico, la enfermedad y la incapacitaci\u00f3n.<\/p><\/div><\/div><div class=\"vc_empty_space\">\u00a0<\/div><div class=\"wpb_text_column wpb_content_element \"><div class=\"wpb_wrapper\"><p>Com a dona que conviu amb el dolor des de fa d\u00e8cades despr\u00e9s de sofrir greus lesions medul\u00b7lars, el seu discurs ressona en el m\u00e9s profund d\u2019aquelles persones que aprofundeixen en la seva lectura, tinguin o no dolor cr\u00f2nic i\/o alguna malaltia incapacitant.\u00a0El sofriment \u00e9s com\u00fa a tots i cadascun dels \u00e9ssers humans en un moment o un altre de la vida i aportar coher\u00e8ncia i perspectiva al sofriment \u00e9s un repte que Vidyamala a assumit amb una tremenda senzillesa i honestedat.<\/p><\/div><\/div><div class=\"vc_empty_space\">\u00a0<\/div><div class=\"wpb_text_column wpb_content_element \"><div class=\"wpb_wrapper\"><p>Como creadora del programa \u00ab<a href=\"http:\/\/www.respiravida.net\/investigaciones\/investigaciones-que-avalan-el-programa-de-respira-vida-breathworks\">Mindfulness Based Pain Management &#8211; MBPM<\/a>\u00ab, ha contribuido al estudio y aplicaci\u00f3n de la atenci\u00f3n plena en la gesti\u00f3n del dolor.<\/p><\/div><\/div><div class=\"vc_empty_space\">\u00a0<\/div><div class=\"wpb_text_column wpb_content_element \"><div class=\"wpb_wrapper\"><p>Vidyamala Burch ha recibido el premio a mejor libro dirigido al p\u00fablico general por la <a href=\"http:\/\/www.bma.org.uk\/\">British Medical Association.<\/a><\/p><\/div><\/div><\/div><\/div><\/div>\t\t\t\t\t\t\t\t<\/div>\n\t\t\t\t<\/div>\n\t\t\t\t\t<\/div>\n\t\t<\/div>\n\t\t\t\t<div class=\"elementor-column elementor-col-50 elementor-top-column elementor-element elementor-element-124dceb\" data-id=\"124dceb\" data-element_type=\"column\" data-e-type=\"column\">\n\t\t\t<div class=\"elementor-widget-wrap elementor-element-populated\">\n\t\t\t\t\t\t<div class=\"elementor-element elementor-element-622a1b6 elementor-widget elementor-widget-video\" data-id=\"622a1b6\" data-element_type=\"widget\" data-e-type=\"widget\" data-settings=\"{&quot;youtube_url&quot;:&quot;https:\\\/\\\/youtu.be\\\/h5Zz4CFyz3w&quot;,&quot;video_type&quot;:&quot;youtube&quot;,&quot;controls&quot;:&quot;yes&quot;}\" data-widget_type=\"video.default\">\n\t\t\t\t<div class=\"elementor-widget-container\">\n\t\t\t\t\t\t\t<div class=\"elementor-wrapper elementor-open-inline\">\n\t\t\t<div class=\"elementor-video\"><\/div>\t\t<\/div>\n\t\t\t\t\t\t<\/div>\n\t\t\t\t<\/div>\n\t\t\t\t<div class=\"elementor-element elementor-element-c786a8c elementor-widget elementor-widget-text-editor\" data-id=\"c786a8c\" data-element_type=\"widget\" data-e-type=\"widget\" data-widget_type=\"text-editor.default\">\n\t\t\t\t<div class=\"elementor-widget-container\">\n\t\t\t\t\t\t\t\t\t<p><strong>EN EL SIGUIENTE VIDEO VIDYAMALA BURCH COMPARTE C\u00d3MO LLEG\u00d3 A CREAR EL PROGRAMA \u201cMINDFULNESS PARA LA SALUD<\/strong><\/p>\t\t\t\t\t\t\t\t<\/div>\n\t\t\t\t<\/div>\n\t\t\t\t\t<\/div>\n\t\t<\/div>\n\t\t\t\t\t<\/div>\n\t\t<\/section>\n\t\t\t\t<section class=\"elementor-section elementor-top-section elementor-element elementor-element-164370a elementor-section-boxed elementor-section-height-default elementor-section-height-default\" data-id=\"164370a\" data-element_type=\"section\" data-e-type=\"section\">\n\t\t\t\t\t\t<div class=\"elementor-container elementor-column-gap-default\">\n\t\t\t\t\t<div class=\"elementor-column elementor-col-50 elementor-top-column elementor-element elementor-element-d0b7013\" data-id=\"d0b7013\" data-element_type=\"column\" data-e-type=\"column\">\n\t\t\t<div class=\"elementor-widget-wrap elementor-element-populated\">\n\t\t\t\t\t\t<div class=\"elementor-element elementor-element-f6eed74 elementor-widget elementor-widget-image\" data-id=\"f6eed74\" data-element_type=\"widget\" data-e-type=\"widget\" data-widget_type=\"image.default\">\n\t\t\t\t<div class=\"elementor-widget-container\">\n\t\t\t\t\t\t\t\t\t\t\t\t\t\t\t<img decoding=\"async\" width=\"150\" height=\"150\" src=\"https:\/\/www.mindfulnessaccion.com\/wp-content\/uploads\/2023\/05\/jon-kabat-zinn-150x150-1.jpg\" class=\"attachment-large size-large wp-image-988847\" alt=\"\" \/>\t\t\t\t\t\t\t\t\t\t\t\t\t\t\t<\/div>\n\t\t\t\t<\/div>\n\t\t\t\t\t<\/div>\n\t\t<\/div>\n\t\t\t\t<div class=\"elementor-column elementor-col-50 elementor-top-column elementor-element elementor-element-1888e6f\" data-id=\"1888e6f\" data-element_type=\"column\" data-e-type=\"column\">\n\t\t\t<div class=\"elementor-widget-wrap elementor-element-populated\">\n\t\t\t\t\t\t<div class=\"elementor-element elementor-element-b24a825 elementor-widget elementor-widget-heading\" data-id=\"b24a825\" data-element_type=\"widget\" data-e-type=\"widget\" data-widget_type=\"heading.default\">\n\t\t\t\t<div class=\"elementor-widget-container\">\n\t\t\t\t\t<h5 class=\"elementor-heading-title elementor-size-default\">\n\n\n\u201cAdmiro a Vidyamala tremendamente.  Su acercamiento puede salvarte la vida y devolv\u00e9rtela\u201d\n\n\n<\/h5>\t\t\t\t<\/div>\n\t\t\t\t<\/div>\n\t\t\t\t<div class=\"elementor-element elementor-element-71cc564 elementor-widget elementor-widget-text-editor\" data-id=\"71cc564\" data-element_type=\"widget\" data-e-type=\"widget\" data-widget_type=\"text-editor.default\">\n\t\t\t\t<div class=\"elementor-widget-container\">\n\t\t\t\t\t\t\t\t\t<div class=\"wpb_text_column wpb_content_element \"><div class=\"wpb_wrapper\"><p style=\"text-align: center;\">Dr.\u00a0 <strong>Jon Kabat-Zinn<\/strong>, pionero y precursor del concepto Mindfulness desde 1979<\/p><\/div><\/div>\t\t\t\t\t\t\t\t<\/div>\n\t\t\t\t<\/div>\n\t\t\t\t\t<\/div>\n\t\t<\/div>\n\t\t\t\t\t<\/div>\n\t\t<\/section>\n\t\t\t\t<\/div>\n\t\t","protected":false},"excerpt":{"rendered":"<p>Breathworks y Vidyamala Burch Vidyamala Burch es la fundadora de Respiravida\/Breathworks, maestra de meditaci\u00f3n al orden budista Triratna y referente mundial en el campo de Mindfulness. Autora de obras como \u00abVivir bien con el dolor y la enfermedad\u00bb y \u00abT\u00fa no eres t\u00fa dolor (Mindfulness para aliviar el dolor, reducir el estr\u00e9s y recuperar el [&hellip;]<\/p>\n","protected":false},"author":1,"featured_media":0,"parent":0,"menu_order":0,"comment_status":"closed","ping_status":"closed","template":"","meta":{"rs_blank_template":"","rs_page_bg_color":"","slide_template_v7":"","_joinchat":[],"footnotes":""},"class_list":["post-991171","page","type-page","status-publish","hentry"],"yoast_head":"<!-- This site is optimized with the Yoast SEO plugin v27.2 - https:\/\/yoast.com\/product\/yoast-seo-wordpress\/ -->\n<title>Breathworks y Vidyamala Burch - Mindfulnessaccio<\/title>\n<meta name=\"description\" content=\"Vidyamala Burch es la fundadora de Respiravida\/Breathworks, maestra de meditaci\u00f3n al orden budista Triratna y referente mundial en el campo de Mindfulness.\" \/>\n<meta name=\"robots\" content=\"index, follow, max-snippet:-1, max-image-preview:large, max-video-preview:-1\" \/>\n<link rel=\"canonical\" href=\"https:\/\/www.mindfulnessaccion.com\/es\/breathworks-y-vidyamala-burch\/\" \/>\n<meta property=\"og:locale\" content=\"es_ES\" \/>\n<meta property=\"og:type\" content=\"article\" \/>\n<meta property=\"og:title\" content=\"Breathworks y Vidyamala Burch - Mindfulnessaccio\" \/>\n<meta property=\"og:description\" content=\"Vidyamala Burch es la fundadora de Respiravida\/Breathworks, maestra de meditaci\u00f3n al orden budista Triratna y referente mundial en el campo de Mindfulness.\" \/>\n<meta property=\"og:url\" content=\"https:\/\/www.mindfulnessaccion.com\/es\/breathworks-y-vidyamala-burch\/\" \/>\n<meta property=\"og:site_name\" content=\"Mindfulnessaccio\" \/>\n<meta property=\"article:modified_time\" content=\"2023-06-27T07:21:29+00:00\" \/>\n<meta property=\"og:image\" content=\"https:\/\/www.mindfulnessaccion.com\/wp-content\/uploads\/2023\/05\/jon-kabat-zinn-150x150-1.jpg\" \/>\n<meta name=\"twitter:card\" content=\"summary_large_image\" \/>\n<meta name=\"twitter:label1\" content=\"Tiempo de lectura\" \/>\n\t<meta name=\"twitter:data1\" content=\"2 minutos\" \/>\n<script type=\"application\/ld+json\" class=\"yoast-schema-graph\">{\"@context\":\"https:\/\/schema.org\",\"@graph\":[{\"@type\":\"WebPage\",\"@id\":\"https:\/\/www.mindfulnessaccion.com\/es\/breathworks-y-vidyamala-burch\/\",\"url\":\"https:\/\/www.mindfulnessaccion.com\/es\/breathworks-y-vidyamala-burch\/\",\"name\":\"Breathworks y Vidyamala Burch - Mindfulnessaccio\",\"isPartOf\":{\"@id\":\"https:\/\/www.mindfulnessaccion.com\/es\/#website\"},\"primaryImageOfPage\":{\"@id\":\"https:\/\/www.mindfulnessaccion.com\/es\/breathworks-y-vidyamala-burch\/#primaryimage\"},\"image\":{\"@id\":\"https:\/\/www.mindfulnessaccion.com\/es\/breathworks-y-vidyamala-burch\/#primaryimage\"},\"thumbnailUrl\":\"https:\/\/www.mindfulnessaccion.com\/wp-content\/uploads\/2023\/05\/jon-kabat-zinn-150x150-1.jpg\",\"datePublished\":\"2023-05-24T08:55:27+00:00\",\"dateModified\":\"2023-06-27T07:21:29+00:00\",\"description\":\"Vidyamala Burch es la fundadora de Respiravida\/Breathworks, maestra de meditaci\u00f3n al orden budista Triratna y referente mundial en el campo de Mindfulness.\",\"breadcrumb\":{\"@id\":\"https:\/\/www.mindfulnessaccion.com\/es\/breathworks-y-vidyamala-burch\/#breadcrumb\"},\"inLanguage\":\"es\",\"potentialAction\":[{\"@type\":\"ReadAction\",\"target\":[\"https:\/\/www.mindfulnessaccion.com\/es\/breathworks-y-vidyamala-burch\/\"]}]},{\"@type\":\"ImageObject\",\"inLanguage\":\"es\",\"@id\":\"https:\/\/www.mindfulnessaccion.com\/es\/breathworks-y-vidyamala-burch\/#primaryimage\",\"url\":\"https:\/\/www.mindfulnessaccion.com\/wp-content\/uploads\/2023\/05\/jon-kabat-zinn-150x150-1.jpg\",\"contentUrl\":\"https:\/\/www.mindfulnessaccion.com\/wp-content\/uploads\/2023\/05\/jon-kabat-zinn-150x150-1.jpg\"},{\"@type\":\"BreadcrumbList\",\"@id\":\"https:\/\/www.mindfulnessaccion.com\/es\/breathworks-y-vidyamala-burch\/#breadcrumb\",\"itemListElement\":[{\"@type\":\"ListItem\",\"position\":1,\"name\":\"Portada\",\"item\":\"https:\/\/www.mindfulnessaccion.com\/es\/\"},{\"@type\":\"ListItem\",\"position\":2,\"name\":\"Breathworks y Vidyamala Burch\"}]},{\"@type\":\"WebSite\",\"@id\":\"https:\/\/www.mindfulnessaccion.com\/es\/#website\",\"url\":\"https:\/\/www.mindfulnessaccion.com\/es\/\",\"name\":\"Mindfulnessaccio\",\"description\":\"\",\"publisher\":{\"@id\":\"https:\/\/www.mindfulnessaccion.com\/es\/#organization\"},\"potentialAction\":[{\"@type\":\"SearchAction\",\"target\":{\"@type\":\"EntryPoint\",\"urlTemplate\":\"https:\/\/www.mindfulnessaccion.com\/es\/?s={search_term_string}\"},\"query-input\":{\"@type\":\"PropertyValueSpecification\",\"valueRequired\":true,\"valueName\":\"search_term_string\"}}],\"inLanguage\":\"es\"},{\"@type\":\"Organization\",\"@id\":\"https:\/\/www.mindfulnessaccion.com\/es\/#organization\",\"name\":\"Mindfulnessaccio\",\"url\":\"https:\/\/www.mindfulnessaccion.com\/es\/\",\"logo\":{\"@type\":\"ImageObject\",\"inLanguage\":\"es\",\"@id\":\"https:\/\/www.mindfulnessaccion.com\/es\/#\/schema\/logo\/image\/\",\"url\":\"https:\/\/www.mindfulnessaccion.com\/wp-content\/uploads\/2021\/07\/logo.svg\",\"contentUrl\":\"https:\/\/www.mindfulnessaccion.com\/wp-content\/uploads\/2021\/07\/logo.svg\",\"width\":96,\"height\":28,\"caption\":\"Mindfulnessaccio\"},\"image\":{\"@id\":\"https:\/\/www.mindfulnessaccion.com\/es\/#\/schema\/logo\/image\/\"}}]}<\/script>\n<!-- \/ Yoast SEO plugin. -->","yoast_head_json":{"title":"Breathworks y Vidyamala Burch - Mindfulnessaccio","description":"Vidyamala Burch es la fundadora de Respiravida\/Breathworks, maestra de meditaci\u00f3n al orden budista Triratna y referente mundial en el campo de Mindfulness.","robots":{"index":"index","follow":"follow","max-snippet":"max-snippet:-1","max-image-preview":"max-image-preview:large","max-video-preview":"max-video-preview:-1"},"canonical":"https:\/\/www.mindfulnessaccion.com\/es\/breathworks-y-vidyamala-burch\/","og_locale":"es_ES","og_type":"article","og_title":"Breathworks y Vidyamala Burch - Mindfulnessaccio","og_description":"Vidyamala Burch es la fundadora de Respiravida\/Breathworks, maestra de meditaci\u00f3n al orden budista Triratna y referente mundial en el campo de Mindfulness.","og_url":"https:\/\/www.mindfulnessaccion.com\/es\/breathworks-y-vidyamala-burch\/","og_site_name":"Mindfulnessaccio","article_modified_time":"2023-06-27T07:21:29+00:00","og_image":[{"url":"https:\/\/www.mindfulnessaccion.com\/wp-content\/uploads\/2023\/05\/jon-kabat-zinn-150x150-1.jpg","type":"","width":"","height":""}],"twitter_card":"summary_large_image","twitter_misc":{"Tiempo de lectura":"2 minutos"},"schema":{"@context":"https:\/\/schema.org","@graph":[{"@type":"WebPage","@id":"https:\/\/www.mindfulnessaccion.com\/es\/breathworks-y-vidyamala-burch\/","url":"https:\/\/www.mindfulnessaccion.com\/es\/breathworks-y-vidyamala-burch\/","name":"Breathworks y Vidyamala Burch - Mindfulnessaccio","isPartOf":{"@id":"https:\/\/www.mindfulnessaccion.com\/es\/#website"},"primaryImageOfPage":{"@id":"https:\/\/www.mindfulnessaccion.com\/es\/breathworks-y-vidyamala-burch\/#primaryimage"},"image":{"@id":"https:\/\/www.mindfulnessaccion.com\/es\/breathworks-y-vidyamala-burch\/#primaryimage"},"thumbnailUrl":"https:\/\/www.mindfulnessaccion.com\/wp-content\/uploads\/2023\/05\/jon-kabat-zinn-150x150-1.jpg","datePublished":"2023-05-24T08:55:27+00:00","dateModified":"2023-06-27T07:21:29+00:00","description":"Vidyamala Burch es la fundadora de Respiravida\/Breathworks, maestra de meditaci\u00f3n al orden budista Triratna y referente mundial en el campo de Mindfulness.","breadcrumb":{"@id":"https:\/\/www.mindfulnessaccion.com\/es\/breathworks-y-vidyamala-burch\/#breadcrumb"},"inLanguage":"es","potentialAction":[{"@type":"ReadAction","target":["https:\/\/www.mindfulnessaccion.com\/es\/breathworks-y-vidyamala-burch\/"]}]},{"@type":"ImageObject","inLanguage":"es","@id":"https:\/\/www.mindfulnessaccion.com\/es\/breathworks-y-vidyamala-burch\/#primaryimage","url":"https:\/\/www.mindfulnessaccion.com\/wp-content\/uploads\/2023\/05\/jon-kabat-zinn-150x150-1.jpg","contentUrl":"https:\/\/www.mindfulnessaccion.com\/wp-content\/uploads\/2023\/05\/jon-kabat-zinn-150x150-1.jpg"},{"@type":"BreadcrumbList","@id":"https:\/\/www.mindfulnessaccion.com\/es\/breathworks-y-vidyamala-burch\/#breadcrumb","itemListElement":[{"@type":"ListItem","position":1,"name":"Portada","item":"https:\/\/www.mindfulnessaccion.com\/es\/"},{"@type":"ListItem","position":2,"name":"Breathworks y Vidyamala Burch"}]},{"@type":"WebSite","@id":"https:\/\/www.mindfulnessaccion.com\/es\/#website","url":"https:\/\/www.mindfulnessaccion.com\/es\/","name":"Mindfulnessaccio","description":"","publisher":{"@id":"https:\/\/www.mindfulnessaccion.com\/es\/#organization"},"potentialAction":[{"@type":"SearchAction","target":{"@type":"EntryPoint","urlTemplate":"https:\/\/www.mindfulnessaccion.com\/es\/?s={search_term_string}"},"query-input":{"@type":"PropertyValueSpecification","valueRequired":true,"valueName":"search_term_string"}}],"inLanguage":"es"},{"@type":"Organization","@id":"https:\/\/www.mindfulnessaccion.com\/es\/#organization","name":"Mindfulnessaccio","url":"https:\/\/www.mindfulnessaccion.com\/es\/","logo":{"@type":"ImageObject","inLanguage":"es","@id":"https:\/\/www.mindfulnessaccion.com\/es\/#\/schema\/logo\/image\/","url":"https:\/\/www.mindfulnessaccion.com\/wp-content\/uploads\/2021\/07\/logo.svg","contentUrl":"https:\/\/www.mindfulnessaccion.com\/wp-content\/uploads\/2021\/07\/logo.svg","width":96,"height":28,"caption":"Mindfulnessaccio"},"image":{"@id":"https:\/\/www.mindfulnessaccion.com\/es\/#\/schema\/logo\/image\/"}}]}},"_links":{"self":[{"href":"https:\/\/www.mindfulnessaccion.com\/es\/wp-json\/wp\/v2\/pages\/991171","targetHints":{"allow":["GET"]}}],"collection":[{"href":"https:\/\/www.mindfulnessaccion.com\/es\/wp-json\/wp\/v2\/pages"}],"about":[{"href":"https:\/\/www.mindfulnessaccion.com\/es\/wp-json\/wp\/v2\/types\/page"}],"author":[{"embeddable":true,"href":"https:\/\/www.mindfulnessaccion.com\/es\/wp-json\/wp\/v2\/users\/1"}],"replies":[{"embeddable":true,"href":"https:\/\/www.mindfulnessaccion.com\/es\/wp-json\/wp\/v2\/comments?post=991171"}],"version-history":[{"count":8,"href":"https:\/\/www.mindfulnessaccion.com\/es\/wp-json\/wp\/v2\/pages\/991171\/revisions"}],"predecessor-version":[{"id":991482,"href":"https:\/\/www.mindfulnessaccion.com\/es\/wp-json\/wp\/v2\/pages\/991171\/revisions\/991482"}],"wp:attachment":[{"href":"https:\/\/www.mindfulnessaccion.com\/es\/wp-json\/wp\/v2\/media?parent=991171"}],"curies":[{"name":"wp","href":"https:\/\/api.w.org\/{rel}","templated":true}]}}