{"id":991181,"date":"2023-05-24T09:02:44","date_gmt":"2023-05-24T09:02:44","guid":{"rendered":"https:\/\/www.mindfulnessaccion.com\/certificacio-respiravida-brethworks\/"},"modified":"2025-10-13T10:12:24","modified_gmt":"2025-10-13T10:12:24","slug":"certificacio-respiravida-brethworks","status":"publish","type":"page","link":"https:\/\/www.mindfulnessaccion.com\/es\/certificacio-respiravida-brethworks\/","title":{"rendered":"CERTIFICACI\u00d3N RESPIRAVIDA-BRETHWORKS"},"content":{"rendered":"<style>.elementor-991181 .elementor-element.elementor-element-d5c4aa1 > .elementor-container{min-height:300px;}.elementor-991181 .elementor-element.elementor-element-d5c4aa1:not(.elementor-motion-effects-element-type-background), .elementor-991181 .elementor-element.elementor-element-d5c4aa1 > .elementor-motion-effects-container > .elementor-motion-effects-layer{background-image:url(\"https:\/\/www.mindfulnessaccion.com\/wp-content\/uploads\/2023\/02\/bg-video.jpg\");background-position:center center;background-repeat:no-repeat;}.elementor-991181 .elementor-element.elementor-element-d5c4aa1{transition:background 0.3s, border 0.3s, border-radius 0.3s, box-shadow 0.3s;padding:50px 0px 0px 0px;}.elementor-991181 .elementor-element.elementor-element-d5c4aa1 > .elementor-background-overlay{transition:background 0.3s, border-radius 0.3s, opacity 0.3s;}.elementor-991181 .elementor-element.elementor-element-f952b27 > .elementor-element-populated{padding:0px 0px 0px 0px;}.elementor-991181 .elementor-element.elementor-element-0fd265c{text-align:center;}.elementor-991181 .elementor-element.elementor-element-0fd265c .elementor-heading-title{font-size:45px;color:#FFFFFF;}.elementor-991181 .elementor-element.elementor-element-4913ecb{padding:50px 0px 0px 0px;}.elementor-991181 .elementor-element.elementor-element-8d5296c .elementor-heading-title{font-weight:normal;color:#608EC0;}.elementor-991181 .elementor-element.elementor-element-e2a31fd{padding:50px 0px 0px 0px;}.elementor-991181 .elementor-element.elementor-element-5e87ace .elementor-heading-title{font-weight:normal;color:#608EC0;}.elementor-991181 .elementor-element.elementor-element-0cd3368{padding:50px 0px 0px 0px;}.elementor-991181 .elementor-element.elementor-element-52949b0 > .elementor-container > .elementor-column > .elementor-widget-wrap{align-content:center;align-items:center;}.elementor-991181 .elementor-element.elementor-element-52949b0{padding:0px 0px 50px 0px;}<\/style>\t\t<div data-elementor-type=\"wp-page\" data-elementor-id=\"991181\" class=\"elementor elementor-991181 elementor-988851\" data-elementor-post-type=\"page\">\n\t\t\t\t\t\t<section class=\"elementor-section elementor-top-section elementor-element elementor-element-d5c4aa1 elementor-section-height-min-height elementor-section-boxed elementor-section-height-default elementor-section-items-middle\" data-id=\"d5c4aa1\" data-element_type=\"section\" data-e-type=\"section\" data-settings=\"{&quot;background_background&quot;:&quot;classic&quot;}\">\n\t\t\t\t\t\t<div class=\"elementor-container elementor-column-gap-default\">\n\t\t\t\t\t<div class=\"elementor-column elementor-col-100 elementor-top-column elementor-element elementor-element-f952b27\" data-id=\"f952b27\" data-element_type=\"column\" data-e-type=\"column\">\n\t\t\t<div class=\"elementor-widget-wrap elementor-element-populated\">\n\t\t\t\t\t\t<div class=\"elementor-element elementor-element-0fd265c elementor-widget elementor-widget-heading\" data-id=\"0fd265c\" data-element_type=\"widget\" data-e-type=\"widget\" data-widget_type=\"heading.default\">\n\t\t\t\t<div class=\"elementor-widget-container\">\n\t\t\t\t\t<h1 class=\"elementor-heading-title elementor-size-default\">CERTIFICACI\u00d3N RESPIRAVIDA-BRETHWORKS\n<\/h1>\t\t\t\t<\/div>\n\t\t\t\t<\/div>\n\t\t\t\t\t<\/div>\n\t\t<\/div>\n\t\t\t\t\t<\/div>\n\t\t<\/section>\n\t\t\t\t<section class=\"elementor-section elementor-top-section elementor-element elementor-element-4913ecb elementor-section-boxed elementor-section-height-default elementor-section-height-default\" data-id=\"4913ecb\" data-element_type=\"section\" data-e-type=\"section\">\n\t\t\t\t\t\t<div class=\"elementor-container elementor-column-gap-default\">\n\t\t\t\t\t<div class=\"elementor-column elementor-col-100 elementor-top-column elementor-element elementor-element-6b96780\" data-id=\"6b96780\" data-element_type=\"column\" data-e-type=\"column\">\n\t\t\t<div class=\"elementor-widget-wrap elementor-element-populated\">\n\t\t\t\t\t\t<div class=\"elementor-element elementor-element-8d5296c elementor-widget elementor-widget-heading\" data-id=\"8d5296c\" data-element_type=\"widget\" data-e-type=\"widget\" data-widget_type=\"heading.default\">\n\t\t\t\t<div class=\"elementor-widget-container\">\n\t\t\t\t\t<h5 class=\"elementor-heading-title elementor-size-default\">\n\nEST\u00c1NDARES DE CALIDAD (MINDFULNESACCI\u00d3N)\n\n\n<\/h5>\t\t\t\t<\/div>\n\t\t\t\t<\/div>\n\t\t\t\t<div class=\"elementor-element elementor-element-3bff6bf elementor-widget elementor-widget-text-editor\" data-id=\"3bff6bf\" data-element_type=\"widget\" data-e-type=\"widget\" data-widget_type=\"text-editor.default\">\n\t\t\t\t<div class=\"elementor-widget-container\">\n\t\t\t\t\t\t\t\t\t<div class=\"wpb_text_column wpb_content_element \"><div class=\"wpb_wrapper\"><p>Los profesores formados a trav\u00e9s del Programa de Formaci\u00f3n de <a href=\"http:\/\/www.breathworks-mindfulness.org.uk\/\">Respiravida\/Breathworks<\/a> nos certificamos bajo los <a href=\"http:\/\/www.respiravida.net\/sites\/default\/files\/Ense%C3%B1anza%20de%20cursos%20-%20estandares%20respira%20vida%20breathworks.pdf\">est\u00e1ndares de calidad<\/a> de <a href=\"http:\/\/www.redprogramasmindfulness.org\/\">Red espa\u00f1ola de programas estandarizados basados \u200b\u200ben mindfulness y compasi\u00f3n<\/a>, <a href=\"https:\/\/www.eamba.net\/\" target=\"_blank\" rel=\"noopener\">European Associations for Mindfulness<\/a> y <a href=\"https:\/\/bamba.org.uk\/\" target=\"_blank\" rel=\"noopener\">British Association of\u00a0Mindfulness-Based Approaches<\/a>. Estos son de obligado cumplimiento para nosotros como docentes de los <a href=\"https:\/\/mindfulnessaccion.com\/curs-mindfulness-per-a-la-salut\/\">cursos de mindfulness para la salud<\/a> y <a href=\"https:\/\/www.mindfulnessaccion.com\/programa-estres\/\">de mindfulness para la reducci\u00f3n del estr\u00e9s<\/a>. Los\u00a0profesores debemos renovar anualmente la certificaci\u00f3n para poder seguir impartiendo los cursos.<\/p><p>Algunos <strong>puntos clave<\/strong> de los est\u00e1ndares de calidad:<\/p><ul><li><em><strong>Los profesores deben tener y demostrar una experiencia profunda de todas las pr\u00e1cticas centrales de meditaci\u00f3n que despu\u00e9s se impartir\u00e1n durante las sesiones.<\/strong><\/em><\/li><\/ul><ul><li><em><strong>Cumplimiento previo a la docencia de un <a href=\"http:\/\/www.respiravida.net\/sites\/default\/files\/pictures\/esquema%20formacion%20rv%20dic17.pdf\">programa de entrenamiento riguroso a trav\u00e9s de Respiravida<\/a> para poder ser profesor de mindfulness a partir de un per\u00edodo supervisado con una duraci\u00f3n de al menos 12 meses.<\/strong><\/em><\/li><\/ul><ul><li><em><strong>En caso de trabajar por organizaciones oficiales, se necesitar\u00e1 una preparaci\u00f3n profesional en salud f\u00edsica o mental, educaci\u00f3n o asistencia social, o una experiencia de vida equivalente reconocida por la organizaci\u00f3n dentro de la cual se llevar\u00e1 a cabo el curso.<\/strong><\/em><\/li><\/ul><p>Si quieres saber m\u00e1s sobre los est\u00e1ndares de calidad: <a href=\"https:\/\/www.respiravida.net\/sites\/default\/files\/Ense%c3%b1anza%20de%20cursos%20-%20estandares%20respira%20vida%20breathworks.pdf\">est\u00e1ndares para los profesores<\/a>, <a href=\"https:\/\/www.respiravida.net\/sites\/default\/files\/formacion%20de%20profesores%20-%20estandares%20respira%20vida%20breathworks.pdf\">est\u00e1ndares para los formadores de profesores<\/a>,<a href=\"https:\/\/www.respiravida.net\/sites\/default\/files\/recursos\/Red%20del%20Reino%20Unido%20para%20%20Organizaciones%20de%20Entrenadores%20de%20Profesores%20basados%20en%20Mindfulness.pdf\"> est\u00e1ndares para los mentores de profesores<\/a><\/p><\/div><\/div><div class=\"notranslate\" style=\"all: initial;\">\u00a0<\/div>\t\t\t\t\t\t\t\t<\/div>\n\t\t\t\t<\/div>\n\t\t\t\t\t<\/div>\n\t\t<\/div>\n\t\t\t\t\t<\/div>\n\t\t<\/section>\n\t\t\t\t<section class=\"elementor-section elementor-top-section elementor-element elementor-element-e2a31fd elementor-section-boxed elementor-section-height-default elementor-section-height-default\" data-id=\"e2a31fd\" data-element_type=\"section\" data-e-type=\"section\">\n\t\t\t\t\t\t<div class=\"elementor-container elementor-column-gap-default\">\n\t\t\t\t\t<div class=\"elementor-column elementor-col-100 elementor-top-column elementor-element elementor-element-656061b\" data-id=\"656061b\" data-element_type=\"column\" data-e-type=\"column\">\n\t\t\t<div class=\"elementor-widget-wrap elementor-element-populated\">\n\t\t\t\t\t\t<div class=\"elementor-element elementor-element-5e87ace elementor-widget elementor-widget-heading\" data-id=\"5e87ace\" data-element_type=\"widget\" data-e-type=\"widget\" data-widget_type=\"heading.default\">\n\t\t\t\t<div class=\"elementor-widget-container\">\n\t\t\t\t\t<h5 class=\"elementor-heading-title elementor-size-default\">\n\n\nRENNOVACI\u00d3 ANUAL PER LA CERTIFICACI\u00d3 DE DOC\u00c8NCIA\n\n\n\n<\/h5>\t\t\t\t<\/div>\n\t\t\t\t<\/div>\n\t\t\t\t<div class=\"elementor-element elementor-element-b66d027 elementor-widget elementor-widget-text-editor\" data-id=\"b66d027\" data-element_type=\"widget\" data-e-type=\"widget\" data-widget_type=\"text-editor.default\">\n\t\t\t\t<div class=\"elementor-widget-container\">\n\t\t\t\t\t\t\t\t\t<div class=\"wpb_text_column wpb_content_element \"><div class=\"wpb_wrapper\"><div class=\"wpb_wrapper\"><p>Despu\u00e9s de la<a href=\"http:\/\/www.respiravida.net\/sites\/default\/files\/pictures\/esquema%20formacion%20rv%20dic17.pdf\"> formaci\u00f3n supervisada durante al menos 12 meses<\/a>, los profesores debemos renovar anualmente nuestra certificaci\u00f3n para poder seguir impartiendo como docentes.\u00a0 Algunos puntos importantes que nos eval\u00faan para la rennovaci\u00f3n:<\/p><\/div><div class=\"wpb_wrapper\"><ul><li><em><strong>Cumplimiento con los est\u00e1ndares de calidades mencionados anteriormente<\/strong><\/em><\/li><\/ul><ul><li><em><strong>Demostrar una pr\u00e1ctica diaria de las diferentes meditaciones y pr\u00e1cticas a impartir durante los cursos<\/strong><\/em><\/li><\/ul><ul><li><em><strong>Demostrar que se ha realizado al menos un retiro anual de mindfulness de siete d\u00edas de duraci\u00f3n (como m\u00ednimo)<\/strong><\/em><\/li><\/ul><ul><li><em><strong>Supervisi\u00f3n anual garantizada por alg\u00fan otro profesor certificado con experiencia m\u00e1s dilatada de pr\u00e1ctica y docencia<\/strong><\/em><\/li><\/ul><ul><li><em><strong>Estar informado de las novedades m\u00e9dico-cient\u00edficas referentes al campo de la meditaci\u00f3n y de mindfulness<\/strong><\/em><\/li><\/ul><\/div><\/div><\/div>\t\t\t\t\t\t\t\t<\/div>\n\t\t\t\t<\/div>\n\t\t\t\t\t<\/div>\n\t\t<\/div>\n\t\t\t\t\t<\/div>\n\t\t<\/section>\n\t\t\t\t<section class=\"elementor-section elementor-top-section elementor-element elementor-element-0cd3368 elementor-section-boxed elementor-section-height-default elementor-section-height-default\" data-id=\"0cd3368\" data-element_type=\"section\" data-e-type=\"section\">\n\t\t\t\t\t\t<div class=\"elementor-container elementor-column-gap-default\">\n\t\t\t\t\t<div class=\"elementor-column elementor-col-100 elementor-top-column elementor-element elementor-element-18db763\" data-id=\"18db763\" data-element_type=\"column\" data-e-type=\"column\">\n\t\t\t<div class=\"elementor-widget-wrap elementor-element-populated\">\n\t\t\t\t\t\t<div class=\"elementor-element elementor-element-7948bda elementor-widget elementor-widget-image\" data-id=\"7948bda\" data-element_type=\"widget\" data-e-type=\"widget\" data-widget_type=\"image.default\">\n\t\t\t\t<div class=\"elementor-widget-container\">\n\t\t\t\t\t\t\t\t\t\t\t\t\t\t\t<img fetchpriority=\"high\" decoding=\"async\" width=\"800\" height=\"530\" src=\"https:\/\/www.mindfulnessaccion.com\/wp-content\/uploads\/2023\/05\/DSC_0371-e1512210152706.jpg\" class=\"attachment-large size-large wp-image-988853\" alt=\"\" srcset=\"https:\/\/www.mindfulnessaccion.com\/wp-content\/uploads\/2023\/05\/DSC_0371-e1512210152706.jpg 1000w, https:\/\/www.mindfulnessaccion.com\/wp-content\/uploads\/2023\/05\/DSC_0371-e1512210152706-300x199.jpg 300w, https:\/\/www.mindfulnessaccion.com\/wp-content\/uploads\/2023\/05\/DSC_0371-e1512210152706-768x508.jpg 768w\" sizes=\"(max-width: 800px) 100vw, 800px\" \/>\t\t\t\t\t\t\t\t\t\t\t\t\t\t\t<\/div>\n\t\t\t\t<\/div>\n\t\t\t\t\t<\/div>\n\t\t<\/div>\n\t\t\t\t\t<\/div>\n\t\t<\/section>\n\t\t\t\t<section class=\"elementor-section elementor-top-section elementor-element elementor-element-52949b0 elementor-section-content-middle elementor-section-boxed elementor-section-height-default elementor-section-height-default\" data-id=\"52949b0\" data-element_type=\"section\" data-e-type=\"section\">\n\t\t\t\t\t\t<div class=\"elementor-container elementor-column-gap-default\">\n\t\t\t\t\t<div class=\"elementor-column elementor-col-33 elementor-top-column elementor-element elementor-element-bf0b3a6\" data-id=\"bf0b3a6\" data-element_type=\"column\" data-e-type=\"column\">\n\t\t\t<div class=\"elementor-widget-wrap elementor-element-populated\">\n\t\t\t\t\t\t<div class=\"elementor-element elementor-element-508be08 elementor-widget elementor-widget-image\" data-id=\"508be08\" data-element_type=\"widget\" data-e-type=\"widget\" data-widget_type=\"image.default\">\n\t\t\t\t<div class=\"elementor-widget-container\">\n\t\t\t\t\t\t\t\t\t\t\t\t\t\t\t<img decoding=\"async\" width=\"150\" height=\"150\" src=\"https:\/\/www.mindfulnessaccion.com\/wp-content\/uploads\/2023\/05\/red-espanola3-02-150x150-1.png\" class=\"attachment-large size-large wp-image-988859\" alt=\"\" \/>\t\t\t\t\t\t\t\t\t\t\t\t\t\t\t<\/div>\n\t\t\t\t<\/div>\n\t\t\t\t\t<\/div>\n\t\t<\/div>\n\t\t\t\t<div class=\"elementor-column elementor-col-33 elementor-top-column elementor-element elementor-element-f8a41fa\" data-id=\"f8a41fa\" data-element_type=\"column\" data-e-type=\"column\">\n\t\t\t<div class=\"elementor-widget-wrap elementor-element-populated\">\n\t\t\t\t\t\t<div class=\"elementor-element elementor-element-5b3de8d elementor-widget elementor-widget-image\" data-id=\"5b3de8d\" data-element_type=\"widget\" data-e-type=\"widget\" data-widget_type=\"image.default\">\n\t\t\t\t<div class=\"elementor-widget-container\">\n\t\t\t\t\t\t\t\t\t\t\t\t\t\t\t<img decoding=\"async\" width=\"150\" height=\"150\" src=\"https:\/\/www.mindfulnessaccion.com\/wp-content\/uploads\/2023\/05\/eamba-tanasnp-1-150x150-1.png\" class=\"attachment-large size-large wp-image-988855\" alt=\"\" \/>\t\t\t\t\t\t\t\t\t\t\t\t\t\t\t<\/div>\n\t\t\t\t<\/div>\n\t\t\t\t\t<\/div>\n\t\t<\/div>\n\t\t\t\t<div class=\"elementor-column elementor-col-33 elementor-top-column elementor-element elementor-element-b296248\" data-id=\"b296248\" data-element_type=\"column\" data-e-type=\"column\">\n\t\t\t<div class=\"elementor-widget-wrap elementor-element-populated\">\n\t\t\t\t\t\t<div class=\"elementor-element elementor-element-d6d19d4 elementor-widget elementor-widget-image\" data-id=\"d6d19d4\" data-element_type=\"widget\" data-e-type=\"widget\" data-widget_type=\"image.default\">\n\t\t\t\t<div class=\"elementor-widget-container\">\n\t\t\t\t\t\t\t\t\t\t\t\t\t\t\t<img loading=\"lazy\" decoding=\"async\" width=\"300\" height=\"212\" src=\"https:\/\/www.mindfulnessaccion.com\/wp-content\/uploads\/2023\/05\/bamba-alta-definicio-300x212-1.png\" class=\"attachment-large size-large wp-image-988854\" alt=\"\" \/>\t\t\t\t\t\t\t\t\t\t\t\t\t\t\t<\/div>\n\t\t\t\t<\/div>\n\t\t\t\t\t<\/div>\n\t\t<\/div>\n\t\t\t\t\t<\/div>\n\t\t<\/section>\n\t\t\t\t<\/div>\n\t\t","protected":false},"excerpt":{"rendered":"<p>CERTIFICACI\u00d3N RESPIRAVIDA-BRETHWORKS EST\u00c1NDARES DE CALIDAD (MINDFULNESACCI\u00d3N) Los profesores formados a trav\u00e9s del Programa de Formaci\u00f3n de Respiravida\/Breathworks nos certificamos bajo los est\u00e1ndares de calidad de Red espa\u00f1ola de programas estandarizados basados \u200b\u200ben mindfulness y compasi\u00f3n, European Associations for Mindfulness y British Association of\u00a0Mindfulness-Based Approaches. Estos son de obligado cumplimiento para nosotros como docentes de los [&hellip;]<\/p>\n","protected":false},"author":1,"featured_media":0,"parent":0,"menu_order":0,"comment_status":"closed","ping_status":"closed","template":"","meta":{"rs_blank_template":"","rs_page_bg_color":"","slide_template_v7":"","_joinchat":[],"footnotes":""},"class_list":["post-991181","page","type-page","status-publish","hentry"],"yoast_head":"<!-- This site is optimized with the Yoast SEO plugin v27.2 - https:\/\/yoast.com\/product\/yoast-seo-wordpress\/ -->\n<title>Certificaci\u00f3 Respiravida-Brethworks - MindfulnessAccio<\/title>\n<meta name=\"description\" content=\"Los profesores formados a trav\u00e9s del Programa de Formaci\u00f3n de Respiravida\/Breathworks nos certificamos bajo los est\u00e1ndares de calidad.\" \/>\n<meta name=\"robots\" content=\"index, follow, max-snippet:-1, max-image-preview:large, max-video-preview:-1\" \/>\n<link rel=\"canonical\" href=\"https:\/\/www.mindfulnessaccion.com\/es\/certificacio-respiravida-brethworks\/\" \/>\n<meta property=\"og:locale\" content=\"es_ES\" \/>\n<meta property=\"og:type\" content=\"article\" \/>\n<meta property=\"og:title\" content=\"Certificaci\u00f3 Respiravida-Brethworks - MindfulnessAccio\" \/>\n<meta property=\"og:description\" content=\"Los profesores formados a trav\u00e9s del Programa de Formaci\u00f3n de Respiravida\/Breathworks nos certificamos bajo los est\u00e1ndares de calidad.\" \/>\n<meta property=\"og:url\" content=\"https:\/\/www.mindfulnessaccion.com\/es\/certificacio-respiravida-brethworks\/\" \/>\n<meta property=\"og:site_name\" content=\"Mindfulnessaccio\" \/>\n<meta property=\"article:modified_time\" content=\"2025-10-13T10:12:24+00:00\" \/>\n<meta property=\"og:image\" content=\"https:\/\/www.mindfulnessaccion.com\/wp-content\/uploads\/2023\/05\/DSC_0371-e1512210152706.jpg\" \/>\n\t<meta property=\"og:image:width\" content=\"1000\" \/>\n\t<meta property=\"og:image:height\" content=\"662\" \/>\n\t<meta property=\"og:image:type\" content=\"image\/jpeg\" \/>\n<meta name=\"twitter:card\" content=\"summary_large_image\" \/>\n<meta name=\"twitter:label1\" content=\"Tiempo de lectura\" \/>\n\t<meta name=\"twitter:data1\" content=\"3 minutos\" \/>\n<script type=\"application\/ld+json\" class=\"yoast-schema-graph\">{\"@context\":\"https:\/\/schema.org\",\"@graph\":[{\"@type\":\"WebPage\",\"@id\":\"https:\/\/www.mindfulnessaccion.com\/es\/certificacio-respiravida-brethworks\/\",\"url\":\"https:\/\/www.mindfulnessaccion.com\/es\/certificacio-respiravida-brethworks\/\",\"name\":\"Certificaci\u00f3 Respiravida-Brethworks - MindfulnessAccio\",\"isPartOf\":{\"@id\":\"https:\/\/www.mindfulnessaccion.com\/es\/#website\"},\"primaryImageOfPage\":{\"@id\":\"https:\/\/www.mindfulnessaccion.com\/es\/certificacio-respiravida-brethworks\/#primaryimage\"},\"image\":{\"@id\":\"https:\/\/www.mindfulnessaccion.com\/es\/certificacio-respiravida-brethworks\/#primaryimage\"},\"thumbnailUrl\":\"https:\/\/www.mindfulnessaccion.com\/wp-content\/uploads\/2023\/05\/DSC_0371-e1512210152706.jpg\",\"datePublished\":\"2023-05-24T09:02:44+00:00\",\"dateModified\":\"2025-10-13T10:12:24+00:00\",\"description\":\"Los profesores formados a trav\u00e9s del Programa de Formaci\u00f3n de Respiravida\/Breathworks nos certificamos bajo los est\u00e1ndares de calidad.\",\"breadcrumb\":{\"@id\":\"https:\/\/www.mindfulnessaccion.com\/es\/certificacio-respiravida-brethworks\/#breadcrumb\"},\"inLanguage\":\"es\",\"potentialAction\":[{\"@type\":\"ReadAction\",\"target\":[\"https:\/\/www.mindfulnessaccion.com\/es\/certificacio-respiravida-brethworks\/\"]}]},{\"@type\":\"ImageObject\",\"inLanguage\":\"es\",\"@id\":\"https:\/\/www.mindfulnessaccion.com\/es\/certificacio-respiravida-brethworks\/#primaryimage\",\"url\":\"https:\/\/www.mindfulnessaccion.com\/wp-content\/uploads\/2023\/05\/DSC_0371-e1512210152706.jpg\",\"contentUrl\":\"https:\/\/www.mindfulnessaccion.com\/wp-content\/uploads\/2023\/05\/DSC_0371-e1512210152706.jpg\"},{\"@type\":\"BreadcrumbList\",\"@id\":\"https:\/\/www.mindfulnessaccion.com\/es\/certificacio-respiravida-brethworks\/#breadcrumb\",\"itemListElement\":[{\"@type\":\"ListItem\",\"position\":1,\"name\":\"Portada\",\"item\":\"https:\/\/www.mindfulnessaccion.com\/es\/\"},{\"@type\":\"ListItem\",\"position\":2,\"name\":\"CERTIFICACI\u00d3N RESPIRAVIDA-BRETHWORKS\"}]},{\"@type\":\"WebSite\",\"@id\":\"https:\/\/www.mindfulnessaccion.com\/es\/#website\",\"url\":\"https:\/\/www.mindfulnessaccion.com\/es\/\",\"name\":\"Mindfulnessaccio\",\"description\":\"\",\"publisher\":{\"@id\":\"https:\/\/www.mindfulnessaccion.com\/es\/#organization\"},\"potentialAction\":[{\"@type\":\"SearchAction\",\"target\":{\"@type\":\"EntryPoint\",\"urlTemplate\":\"https:\/\/www.mindfulnessaccion.com\/es\/?s={search_term_string}\"},\"query-input\":{\"@type\":\"PropertyValueSpecification\",\"valueRequired\":true,\"valueName\":\"search_term_string\"}}],\"inLanguage\":\"es\"},{\"@type\":\"Organization\",\"@id\":\"https:\/\/www.mindfulnessaccion.com\/es\/#organization\",\"name\":\"Mindfulnessaccio\",\"url\":\"https:\/\/www.mindfulnessaccion.com\/es\/\",\"logo\":{\"@type\":\"ImageObject\",\"inLanguage\":\"es\",\"@id\":\"https:\/\/www.mindfulnessaccion.com\/es\/#\/schema\/logo\/image\/\",\"url\":\"https:\/\/www.mindfulnessaccion.com\/wp-content\/uploads\/2021\/07\/logo.svg\",\"contentUrl\":\"https:\/\/www.mindfulnessaccion.com\/wp-content\/uploads\/2021\/07\/logo.svg\",\"width\":96,\"height\":28,\"caption\":\"Mindfulnessaccio\"},\"image\":{\"@id\":\"https:\/\/www.mindfulnessaccion.com\/es\/#\/schema\/logo\/image\/\"}}]}<\/script>\n<!-- \/ Yoast SEO plugin. -->","yoast_head_json":{"title":"Certificaci\u00f3 Respiravida-Brethworks - MindfulnessAccio","description":"Los profesores formados a trav\u00e9s del Programa de Formaci\u00f3n de Respiravida\/Breathworks nos certificamos bajo los est\u00e1ndares de calidad.","robots":{"index":"index","follow":"follow","max-snippet":"max-snippet:-1","max-image-preview":"max-image-preview:large","max-video-preview":"max-video-preview:-1"},"canonical":"https:\/\/www.mindfulnessaccion.com\/es\/certificacio-respiravida-brethworks\/","og_locale":"es_ES","og_type":"article","og_title":"Certificaci\u00f3 Respiravida-Brethworks - MindfulnessAccio","og_description":"Los profesores formados a trav\u00e9s del Programa de Formaci\u00f3n de Respiravida\/Breathworks nos certificamos bajo los est\u00e1ndares de calidad.","og_url":"https:\/\/www.mindfulnessaccion.com\/es\/certificacio-respiravida-brethworks\/","og_site_name":"Mindfulnessaccio","article_modified_time":"2025-10-13T10:12:24+00:00","og_image":[{"width":1000,"height":662,"url":"https:\/\/www.mindfulnessaccion.com\/wp-content\/uploads\/2023\/05\/DSC_0371-e1512210152706.jpg","type":"image\/jpeg"}],"twitter_card":"summary_large_image","twitter_misc":{"Tiempo de lectura":"3 minutos"},"schema":{"@context":"https:\/\/schema.org","@graph":[{"@type":"WebPage","@id":"https:\/\/www.mindfulnessaccion.com\/es\/certificacio-respiravida-brethworks\/","url":"https:\/\/www.mindfulnessaccion.com\/es\/certificacio-respiravida-brethworks\/","name":"Certificaci\u00f3 Respiravida-Brethworks - MindfulnessAccio","isPartOf":{"@id":"https:\/\/www.mindfulnessaccion.com\/es\/#website"},"primaryImageOfPage":{"@id":"https:\/\/www.mindfulnessaccion.com\/es\/certificacio-respiravida-brethworks\/#primaryimage"},"image":{"@id":"https:\/\/www.mindfulnessaccion.com\/es\/certificacio-respiravida-brethworks\/#primaryimage"},"thumbnailUrl":"https:\/\/www.mindfulnessaccion.com\/wp-content\/uploads\/2023\/05\/DSC_0371-e1512210152706.jpg","datePublished":"2023-05-24T09:02:44+00:00","dateModified":"2025-10-13T10:12:24+00:00","description":"Los profesores formados a trav\u00e9s del Programa de Formaci\u00f3n de Respiravida\/Breathworks nos certificamos bajo los est\u00e1ndares de calidad.","breadcrumb":{"@id":"https:\/\/www.mindfulnessaccion.com\/es\/certificacio-respiravida-brethworks\/#breadcrumb"},"inLanguage":"es","potentialAction":[{"@type":"ReadAction","target":["https:\/\/www.mindfulnessaccion.com\/es\/certificacio-respiravida-brethworks\/"]}]},{"@type":"ImageObject","inLanguage":"es","@id":"https:\/\/www.mindfulnessaccion.com\/es\/certificacio-respiravida-brethworks\/#primaryimage","url":"https:\/\/www.mindfulnessaccion.com\/wp-content\/uploads\/2023\/05\/DSC_0371-e1512210152706.jpg","contentUrl":"https:\/\/www.mindfulnessaccion.com\/wp-content\/uploads\/2023\/05\/DSC_0371-e1512210152706.jpg"},{"@type":"BreadcrumbList","@id":"https:\/\/www.mindfulnessaccion.com\/es\/certificacio-respiravida-brethworks\/#breadcrumb","itemListElement":[{"@type":"ListItem","position":1,"name":"Portada","item":"https:\/\/www.mindfulnessaccion.com\/es\/"},{"@type":"ListItem","position":2,"name":"CERTIFICACI\u00d3N RESPIRAVIDA-BRETHWORKS"}]},{"@type":"WebSite","@id":"https:\/\/www.mindfulnessaccion.com\/es\/#website","url":"https:\/\/www.mindfulnessaccion.com\/es\/","name":"Mindfulnessaccio","description":"","publisher":{"@id":"https:\/\/www.mindfulnessaccion.com\/es\/#organization"},"potentialAction":[{"@type":"SearchAction","target":{"@type":"EntryPoint","urlTemplate":"https:\/\/www.mindfulnessaccion.com\/es\/?s={search_term_string}"},"query-input":{"@type":"PropertyValueSpecification","valueRequired":true,"valueName":"search_term_string"}}],"inLanguage":"es"},{"@type":"Organization","@id":"https:\/\/www.mindfulnessaccion.com\/es\/#organization","name":"Mindfulnessaccio","url":"https:\/\/www.mindfulnessaccion.com\/es\/","logo":{"@type":"ImageObject","inLanguage":"es","@id":"https:\/\/www.mindfulnessaccion.com\/es\/#\/schema\/logo\/image\/","url":"https:\/\/www.mindfulnessaccion.com\/wp-content\/uploads\/2021\/07\/logo.svg","contentUrl":"https:\/\/www.mindfulnessaccion.com\/wp-content\/uploads\/2021\/07\/logo.svg","width":96,"height":28,"caption":"Mindfulnessaccio"},"image":{"@id":"https:\/\/www.mindfulnessaccion.com\/es\/#\/schema\/logo\/image\/"}}]}},"_links":{"self":[{"href":"https:\/\/www.mindfulnessaccion.com\/es\/wp-json\/wp\/v2\/pages\/991181","targetHints":{"allow":["GET"]}}],"collection":[{"href":"https:\/\/www.mindfulnessaccion.com\/es\/wp-json\/wp\/v2\/pages"}],"about":[{"href":"https:\/\/www.mindfulnessaccion.com\/es\/wp-json\/wp\/v2\/types\/page"}],"author":[{"embeddable":true,"href":"https:\/\/www.mindfulnessaccion.com\/es\/wp-json\/wp\/v2\/users\/1"}],"replies":[{"embeddable":true,"href":"https:\/\/www.mindfulnessaccion.com\/es\/wp-json\/wp\/v2\/comments?post=991181"}],"version-history":[{"count":11,"href":"https:\/\/www.mindfulnessaccion.com\/es\/wp-json\/wp\/v2\/pages\/991181\/revisions"}],"predecessor-version":[{"id":1013452,"href":"https:\/\/www.mindfulnessaccion.com\/es\/wp-json\/wp\/v2\/pages\/991181\/revisions\/1013452"}],"wp:attachment":[{"href":"https:\/\/www.mindfulnessaccion.com\/es\/wp-json\/wp\/v2\/media?parent=991181"}],"curies":[{"name":"wp","href":"https:\/\/api.w.org\/{rel}","templated":true}]}}