{"id":991311,"date":"2023-05-24T10:25:56","date_gmt":"2023-05-24T10:25:56","guid":{"rendered":"https:\/\/www.mindfulnessaccion.com\/politica-de-cookies\/"},"modified":"2023-06-22T22:36:47","modified_gmt":"2023-06-22T22:36:47","slug":"politica-de-cookies","status":"publish","type":"page","link":"https:\/\/www.mindfulnessaccion.com\/es\/politica-de-cookies\/","title":{"rendered":"Pol\u00edtica de Cookies"},"content":{"rendered":"<style>.elementor-991311 .elementor-element.elementor-element-9aaec86 > .elementor-container{min-height:300px;}.elementor-991311 .elementor-element.elementor-element-9aaec86:not(.elementor-motion-effects-element-type-background), .elementor-991311 .elementor-element.elementor-element-9aaec86 > .elementor-motion-effects-container > .elementor-motion-effects-layer{background-image:url(\"https:\/\/www.mindfulnessaccion.com\/wp-content\/uploads\/2023\/02\/bg-video.jpg\");background-position:center center;background-repeat:no-repeat;}.elementor-991311 .elementor-element.elementor-element-9aaec86{transition:background 0.3s, border 0.3s, border-radius 0.3s, box-shadow 0.3s;padding:50px 0px 0px 0px;}.elementor-991311 .elementor-element.elementor-element-9aaec86 > .elementor-background-overlay{transition:background 0.3s, border-radius 0.3s, opacity 0.3s;}.elementor-991311 .elementor-element.elementor-element-5d26129 > .elementor-element-populated{padding:0px 0px 0px 0px;}.elementor-991311 .elementor-element.elementor-element-d6e254e{text-align:center;}.elementor-991311 .elementor-element.elementor-element-d6e254e .elementor-heading-title{font-size:45px;color:#FFFFFF;}.elementor-991311 .elementor-element.elementor-element-7cc1b36{--spacer-size:50px;}.elementor-991311 .elementor-element.elementor-element-3163d5f{--spacer-size:50px;}<\/style>\t\t<div data-elementor-type=\"wp-page\" data-elementor-id=\"991311\" class=\"elementor elementor-991311 elementor-988938\" data-elementor-post-type=\"page\">\n\t\t\t\t\t\t<section class=\"elementor-section elementor-top-section elementor-element elementor-element-9aaec86 elementor-section-height-min-height elementor-section-boxed elementor-section-height-default elementor-section-items-middle\" data-id=\"9aaec86\" data-element_type=\"section\" data-e-type=\"section\" data-settings=\"{&quot;background_background&quot;:&quot;classic&quot;}\">\n\t\t\t\t\t\t<div class=\"elementor-container elementor-column-gap-default\">\n\t\t\t\t\t<div class=\"elementor-column elementor-col-100 elementor-top-column elementor-element elementor-element-5d26129\" data-id=\"5d26129\" data-element_type=\"column\" data-e-type=\"column\">\n\t\t\t<div class=\"elementor-widget-wrap elementor-element-populated\">\n\t\t\t\t\t\t<div class=\"elementor-element elementor-element-d6e254e elementor-widget elementor-widget-heading\" data-id=\"d6e254e\" data-element_type=\"widget\" data-e-type=\"widget\" data-widget_type=\"heading.default\">\n\t\t\t\t<div class=\"elementor-widget-container\">\n\t\t\t\t\t<h1 class=\"elementor-heading-title elementor-size-default\">\nPol\u00edtica de Cookies\n<\/h1>\t\t\t\t<\/div>\n\t\t\t\t<\/div>\n\t\t\t\t\t<\/div>\n\t\t<\/div>\n\t\t\t\t\t<\/div>\n\t\t<\/section>\n\t\t\t\t<section class=\"elementor-section elementor-top-section elementor-element elementor-element-6f3ca5a elementor-section-boxed elementor-section-height-default elementor-section-height-default\" data-id=\"6f3ca5a\" data-element_type=\"section\" data-e-type=\"section\">\n\t\t\t\t\t\t<div class=\"elementor-container elementor-column-gap-default\">\n\t\t\t\t\t<div class=\"elementor-column elementor-col-100 elementor-top-column elementor-element elementor-element-d1ff83e\" data-id=\"d1ff83e\" data-element_type=\"column\" data-e-type=\"column\">\n\t\t\t<div class=\"elementor-widget-wrap elementor-element-populated\">\n\t\t\t\t\t\t<div class=\"elementor-element elementor-element-7cc1b36 elementor-widget elementor-widget-spacer\" data-id=\"7cc1b36\" data-element_type=\"widget\" data-e-type=\"widget\" data-widget_type=\"spacer.default\">\n\t\t\t\t<div class=\"elementor-widget-container\">\n\t\t\t\t\t\t\t<div class=\"elementor-spacer\">\n\t\t\t<div class=\"elementor-spacer-inner\"><\/div>\n\t\t<\/div>\n\t\t\t\t\t\t<\/div>\n\t\t\t\t<\/div>\n\t\t\t\t<div class=\"elementor-element elementor-element-500dc22 elementor-widget elementor-widget-text-editor\" data-id=\"500dc22\" data-element_type=\"widget\" data-e-type=\"widget\" data-widget_type=\"text-editor.default\">\n\t\t\t\t<div class=\"elementor-widget-container\">\n\t\t\t\t\t\t\t\t\t<p>En cumplimiento con lo dispuesto en el art\u00edculo 22.2 de la Ley 34\/2002, de 11 de julio, de Servicios de la Sociedad de la Informaci\u00f3n y de Comercio Electr\u00f3nico, esta p\u00e1gina web le informa, en esta secci\u00f3n, sobre la pol\u00edtica de recogida y tratamiento de cookies.<\/p><h4>\u00bfQU\u00c9 SON LAS COOKIES?<\/h4><h3>\u00a0<\/h3><p>Una cookie es un fichero que se descarga en su ordenador al acceder a determinadas p\u00e1ginas web. Las cookies permiten a una p\u00e1gina web, entre otras cosas, almacenar y recuperar informaci\u00f3n sobre los h\u00e1bitos de navegaci\u00f3n de un usuario o de su equipo y, dependiendo de la informaci\u00f3n que contengan y de la forma en que utilice su equipo, pueden utilizarse para reconocer al usuario.<\/p><h4>\u00bfQU\u00c9 TIPOS DE COOKIES UTILIZA ESTA P\u00c1GINA WEB?<\/h4><p>Esta p\u00e1gina web utiliza los siguientes tipos de cookies:<\/p><p><strong>Cookies de an\u00e1lisis: <\/strong>Son aquellas que bien tratadas por nosotros o por terceros, nos permiten cuantificar el n\u00famero de usuarios y as\u00ed realizar la medici\u00f3n y an\u00e1lisis estad\u00edstico de la utilizaci\u00f3n que hacen los usuarios del servicio ofrecido. Para ello se analiza su navegaci\u00f3n en nuestra p\u00e1gina web con la finalidad de mejorar la oferta de productos o servicios que le ofrecemos.<br \/><strong>\u00a0Cookies t\u00e9cnicas:<\/strong> Son aquellas que permiten al usuario la navegaci\u00f3n a trav\u00e9s del \u00e1rea restringida y la utilizaci\u00f3n de sus diferentes funciones, como por ejemplo, llevar a cambio el proceso de compra de un art\u00edculo.<br \/><strong>\u00a0Cookies de personalizaci\u00f3n:<\/strong> Son aquellas que permiten al usuario acceder al servicio con algunas caracter\u00edsticas de car\u00e1cter general predefinidas en funci\u00f3n de una serie de criterios en el terminal del usuario como por ejemplo ser\u00edan el idioma o el tipo de navegador a trav\u00e9s del cual se conecta al servicio.<br \/><strong>\u00a0Cookies publicitarias: <\/strong>Son aquellas que, bien tratadas por esta web o por terceros, permiten gestionar de la forma m\u00e1s eficaz posible la oferta de los espacios publicitarios que hay en la p\u00e1gina web, adecuando el contenido del anuncio al contenido del servicio solicitado o al uso que realice de nuestra p\u00e1gina web. Para ello podemos analizar sus h\u00e1bitos de navegaci\u00f3n en Internet y podemos mostrarle publicidad relacionada con su perfil de navegaci\u00f3n. <br \/><strong>Cookies de Terceros: <\/strong>Esta p\u00e1gina web utiliza servicios de terceros para recopilar informaci\u00f3n con fines estad\u00edsticos y de uso de la web. En concreto, usamos los servicios de Google Analytics para nuestras estad\u00edsticas y publicidad. Algunas cookies son esenciales para el funcionamiento del sitio, por ejemplo el buscador incorporado.<\/p><p>Nuestro sitio incluye otras funcionalidades proporcionadas por terceros. Usted puede f\u00e1cilmente compartir el contenido en redes sociales como Facebook o Twitter, con los botones que hemos incluido al efecto.<\/p><h4>DESACTIVAR LAS COOKIES.<\/h4><h4>\u00a0<\/h4><p>Puede usted permitir, bloquear o eliminar las cookies instaladas en su equipo mediante la configuraci\u00f3n de las opciones del navegador instalado en su ordenador.<\/p><p>En la mayor\u00eda de los navegadores web se ofrece la posibilidad de permitir, bloquear o eliminar las cookies instaladas en su equipo.<\/p><p>A continuaci\u00f3n puede acceder a la configuraci\u00f3n de los navegadores webs m\u00e1s frecuentes para aceptar, instalar o desactivar las cookies:<\/p><p>Configurar cookies en Google Chrome: <a href=\"http:\/\/support.google.com\/chrome\/answer\/95647?hl=es\">http:\/\/support.google.com\/chrome\/answer\/95647?hl=es<\/a><br \/>Configurar cookies en Microsoft Internet Explorer: <a href=\"http:\/\/windows.microsoft.com\/es-xl\/internet-explorer\/delete-manage-cookies\">http:\/\/windows.microsoft.com\/es-xl\/internet-explorer\/delete-manage-cookies<\/a><br \/>Configurar cookies en Mozilla Firefox: <a href=\"https:\/\/support.mozilla.org\/es\/kb\/Deshabilitar%20cookies%20de%20terceros\">https:\/\/support.mozilla.org\/es\/kb\/Deshabilitar%20cookies%20de%20terceros<\/a><br \/>Configurar cookies en Safari (Apple): <a href=\"http:\/\/support.apple.com\/kb\/ph5042\">\u00a0http:\/\/support.apple.com\/kb\/ph5042<\/a><\/p><p>Configurar cookies en Opera: <a href=\"http:\/\/help.opera.com\/Windows\/11.50\/es-ES\/cookies.html\">http:\/\/help.opera.com\/Windows\/11.50\/es-ES\/cookies.html<\/a><\/p><h4>ADVERTENCIA SOBRE ELIMINAR COOKIES.<\/h4><p>Usted puede eliminar y bloquear todas las cookies de este sitio, pero parte del sitio no funcionar\u00e1 o la calidad de la p\u00e1gina web puede verse afectada.<\/p><p>Si tiene cualquier duda sobre nuestra pol\u00edtica de cookies, puede contactar con esta p\u00e1gina web a trav\u00e9s de nuestros canales de Contacto.<\/p>\t\t\t\t\t\t\t\t<\/div>\n\t\t\t\t<\/div>\n\t\t\t\t<div class=\"elementor-element elementor-element-3163d5f elementor-widget elementor-widget-spacer\" data-id=\"3163d5f\" data-element_type=\"widget\" data-e-type=\"widget\" data-widget_type=\"spacer.default\">\n\t\t\t\t<div class=\"elementor-widget-container\">\n\t\t\t\t\t\t\t<div class=\"elementor-spacer\">\n\t\t\t<div class=\"elementor-spacer-inner\"><\/div>\n\t\t<\/div>\n\t\t\t\t\t\t<\/div>\n\t\t\t\t<\/div>\n\t\t\t\t\t<\/div>\n\t\t<\/div>\n\t\t\t\t\t<\/div>\n\t\t<\/section>\n\t\t\t\t<\/div>\n\t\t","protected":false},"excerpt":{"rendered":"<p>Pol\u00edtica de Cookies En cumplimiento con lo dispuesto en el art\u00edculo 22.2 de la Ley 34\/2002, de 11 de julio, de Servicios de la Sociedad de la Informaci\u00f3n y de Comercio Electr\u00f3nico, esta p\u00e1gina web le informa, en esta secci\u00f3n, sobre la pol\u00edtica de recogida y tratamiento de cookies. \u00bfQU\u00c9 SON LAS COOKIES? &nbsp; Una [&hellip;]<\/p>\n","protected":false},"author":1,"featured_media":0,"parent":0,"menu_order":0,"comment_status":"closed","ping_status":"closed","template":"","meta":{"rs_blank_template":"","rs_page_bg_color":"","slide_template_v7":"","_joinchat":[],"footnotes":""},"class_list":["post-991311","page","type-page","status-publish","hentry"],"yoast_head":"<!-- This site is optimized with the Yoast SEO plugin v27.2 - https:\/\/yoast.com\/product\/yoast-seo-wordpress\/ -->\n<title>Pol\u00edtica de Cookies - Mindfulnessaccio<\/title>\n<meta name=\"robots\" content=\"noindex, nofollow\" \/>\n<meta property=\"og:locale\" content=\"es_ES\" \/>\n<meta property=\"og:type\" content=\"article\" \/>\n<meta property=\"og:title\" content=\"Pol\u00edtica de Cookies - Mindfulnessaccio\" \/>\n<meta property=\"og:description\" content=\"Pol\u00edtica de Cookies En cumplimiento con lo dispuesto en el art\u00edculo 22.2 de la Ley 34\/2002, de 11 de julio, de Servicios de la Sociedad de la Informaci\u00f3n y de Comercio Electr\u00f3nico, esta p\u00e1gina web le informa, en esta secci\u00f3n, sobre la pol\u00edtica de recogida y tratamiento de cookies. \u00bfQU\u00c9 SON LAS COOKIES? &nbsp; Una [&hellip;]\" \/>\n<meta property=\"og:url\" content=\"https:\/\/www.mindfulnessaccion.com\/es\/politica-de-cookies\/\" \/>\n<meta property=\"og:site_name\" content=\"Mindfulnessaccio\" \/>\n<meta property=\"article:modified_time\" content=\"2023-06-22T22:36:47+00:00\" \/>\n<meta name=\"twitter:card\" content=\"summary_large_image\" \/>\n<meta name=\"twitter:label1\" content=\"Tiempo de lectura\" \/>\n\t<meta name=\"twitter:data1\" content=\"4 minutos\" \/>\n<script type=\"application\/ld+json\" class=\"yoast-schema-graph\">{\"@context\":\"https:\/\/schema.org\",\"@graph\":[{\"@type\":\"WebPage\",\"@id\":\"https:\/\/www.mindfulnessaccion.com\/es\/politica-de-cookies\/\",\"url\":\"https:\/\/www.mindfulnessaccion.com\/es\/politica-de-cookies\/\",\"name\":\"Pol\u00edtica de Cookies - Mindfulnessaccio\",\"isPartOf\":{\"@id\":\"https:\/\/www.mindfulnessaccion.com\/es\/#website\"},\"datePublished\":\"2023-05-24T10:25:56+00:00\",\"dateModified\":\"2023-06-22T22:36:47+00:00\",\"breadcrumb\":{\"@id\":\"https:\/\/www.mindfulnessaccion.com\/es\/politica-de-cookies\/#breadcrumb\"},\"inLanguage\":\"es\",\"potentialAction\":[{\"@type\":\"ReadAction\",\"target\":[\"https:\/\/www.mindfulnessaccion.com\/es\/politica-de-cookies\/\"]}]},{\"@type\":\"BreadcrumbList\",\"@id\":\"https:\/\/www.mindfulnessaccion.com\/es\/politica-de-cookies\/#breadcrumb\",\"itemListElement\":[{\"@type\":\"ListItem\",\"position\":1,\"name\":\"Portada\",\"item\":\"https:\/\/www.mindfulnessaccion.com\/es\/\"},{\"@type\":\"ListItem\",\"position\":2,\"name\":\"Pol\u00edtica de Cookies\"}]},{\"@type\":\"WebSite\",\"@id\":\"https:\/\/www.mindfulnessaccion.com\/es\/#website\",\"url\":\"https:\/\/www.mindfulnessaccion.com\/es\/\",\"name\":\"Mindfulnessaccio\",\"description\":\"\",\"publisher\":{\"@id\":\"https:\/\/www.mindfulnessaccion.com\/es\/#organization\"},\"potentialAction\":[{\"@type\":\"SearchAction\",\"target\":{\"@type\":\"EntryPoint\",\"urlTemplate\":\"https:\/\/www.mindfulnessaccion.com\/es\/?s={search_term_string}\"},\"query-input\":{\"@type\":\"PropertyValueSpecification\",\"valueRequired\":true,\"valueName\":\"search_term_string\"}}],\"inLanguage\":\"es\"},{\"@type\":\"Organization\",\"@id\":\"https:\/\/www.mindfulnessaccion.com\/es\/#organization\",\"name\":\"Mindfulnessaccio\",\"url\":\"https:\/\/www.mindfulnessaccion.com\/es\/\",\"logo\":{\"@type\":\"ImageObject\",\"inLanguage\":\"es\",\"@id\":\"https:\/\/www.mindfulnessaccion.com\/es\/#\/schema\/logo\/image\/\",\"url\":\"https:\/\/www.mindfulnessaccion.com\/wp-content\/uploads\/2021\/07\/logo.svg\",\"contentUrl\":\"https:\/\/www.mindfulnessaccion.com\/wp-content\/uploads\/2021\/07\/logo.svg\",\"width\":96,\"height\":28,\"caption\":\"Mindfulnessaccio\"},\"image\":{\"@id\":\"https:\/\/www.mindfulnessaccion.com\/es\/#\/schema\/logo\/image\/\"}}]}<\/script>\n<!-- \/ Yoast SEO plugin. -->","yoast_head_json":{"title":"Pol\u00edtica de Cookies - Mindfulnessaccio","robots":{"index":"noindex","follow":"nofollow"},"og_locale":"es_ES","og_type":"article","og_title":"Pol\u00edtica de Cookies - Mindfulnessaccio","og_description":"Pol\u00edtica de Cookies En cumplimiento con lo dispuesto en el art\u00edculo 22.2 de la Ley 34\/2002, de 11 de julio, de Servicios de la Sociedad de la Informaci\u00f3n y de Comercio Electr\u00f3nico, esta p\u00e1gina web le informa, en esta secci\u00f3n, sobre la pol\u00edtica de recogida y tratamiento de cookies. \u00bfQU\u00c9 SON LAS COOKIES? &nbsp; Una [&hellip;]","og_url":"https:\/\/www.mindfulnessaccion.com\/es\/politica-de-cookies\/","og_site_name":"Mindfulnessaccio","article_modified_time":"2023-06-22T22:36:47+00:00","twitter_card":"summary_large_image","twitter_misc":{"Tiempo de lectura":"4 minutos"},"schema":{"@context":"https:\/\/schema.org","@graph":[{"@type":"WebPage","@id":"https:\/\/www.mindfulnessaccion.com\/es\/politica-de-cookies\/","url":"https:\/\/www.mindfulnessaccion.com\/es\/politica-de-cookies\/","name":"Pol\u00edtica de Cookies - Mindfulnessaccio","isPartOf":{"@id":"https:\/\/www.mindfulnessaccion.com\/es\/#website"},"datePublished":"2023-05-24T10:25:56+00:00","dateModified":"2023-06-22T22:36:47+00:00","breadcrumb":{"@id":"https:\/\/www.mindfulnessaccion.com\/es\/politica-de-cookies\/#breadcrumb"},"inLanguage":"es","potentialAction":[{"@type":"ReadAction","target":["https:\/\/www.mindfulnessaccion.com\/es\/politica-de-cookies\/"]}]},{"@type":"BreadcrumbList","@id":"https:\/\/www.mindfulnessaccion.com\/es\/politica-de-cookies\/#breadcrumb","itemListElement":[{"@type":"ListItem","position":1,"name":"Portada","item":"https:\/\/www.mindfulnessaccion.com\/es\/"},{"@type":"ListItem","position":2,"name":"Pol\u00edtica de Cookies"}]},{"@type":"WebSite","@id":"https:\/\/www.mindfulnessaccion.com\/es\/#website","url":"https:\/\/www.mindfulnessaccion.com\/es\/","name":"Mindfulnessaccio","description":"","publisher":{"@id":"https:\/\/www.mindfulnessaccion.com\/es\/#organization"},"potentialAction":[{"@type":"SearchAction","target":{"@type":"EntryPoint","urlTemplate":"https:\/\/www.mindfulnessaccion.com\/es\/?s={search_term_string}"},"query-input":{"@type":"PropertyValueSpecification","valueRequired":true,"valueName":"search_term_string"}}],"inLanguage":"es"},{"@type":"Organization","@id":"https:\/\/www.mindfulnessaccion.com\/es\/#organization","name":"Mindfulnessaccio","url":"https:\/\/www.mindfulnessaccion.com\/es\/","logo":{"@type":"ImageObject","inLanguage":"es","@id":"https:\/\/www.mindfulnessaccion.com\/es\/#\/schema\/logo\/image\/","url":"https:\/\/www.mindfulnessaccion.com\/wp-content\/uploads\/2021\/07\/logo.svg","contentUrl":"https:\/\/www.mindfulnessaccion.com\/wp-content\/uploads\/2021\/07\/logo.svg","width":96,"height":28,"caption":"Mindfulnessaccio"},"image":{"@id":"https:\/\/www.mindfulnessaccion.com\/es\/#\/schema\/logo\/image\/"}}]}},"_links":{"self":[{"href":"https:\/\/www.mindfulnessaccion.com\/es\/wp-json\/wp\/v2\/pages\/991311","targetHints":{"allow":["GET"]}}],"collection":[{"href":"https:\/\/www.mindfulnessaccion.com\/es\/wp-json\/wp\/v2\/pages"}],"about":[{"href":"https:\/\/www.mindfulnessaccion.com\/es\/wp-json\/wp\/v2\/types\/page"}],"author":[{"embeddable":true,"href":"https:\/\/www.mindfulnessaccion.com\/es\/wp-json\/wp\/v2\/users\/1"}],"replies":[{"embeddable":true,"href":"https:\/\/www.mindfulnessaccion.com\/es\/wp-json\/wp\/v2\/comments?post=991311"}],"version-history":[{"count":4,"href":"https:\/\/www.mindfulnessaccion.com\/es\/wp-json\/wp\/v2\/pages\/991311\/revisions"}],"predecessor-version":[{"id":991588,"href":"https:\/\/www.mindfulnessaccion.com\/es\/wp-json\/wp\/v2\/pages\/991311\/revisions\/991588"}],"wp:attachment":[{"href":"https:\/\/www.mindfulnessaccion.com\/es\/wp-json\/wp\/v2\/media?parent=991311"}],"curies":[{"name":"wp","href":"https:\/\/api.w.org\/{rel}","templated":true}]}}