{"id":991312,"date":"2023-05-24T10:28:00","date_gmt":"2023-05-24T10:28:00","guid":{"rendered":"https:\/\/www.mindfulnessaccion.com\/politica-de-privacitat\/"},"modified":"2023-06-22T22:36:56","modified_gmt":"2023-06-22T22:36:56","slug":"politica-de-privacidad","status":"publish","type":"page","link":"https:\/\/www.mindfulnessaccion.com\/es\/politica-de-privacidad\/","title":{"rendered":"Pol\u00edtica de privacidad"},"content":{"rendered":"<style>.elementor-991312 .elementor-element.elementor-element-9aaec86 > .elementor-container{min-height:300px;}.elementor-991312 .elementor-element.elementor-element-9aaec86:not(.elementor-motion-effects-element-type-background), .elementor-991312 .elementor-element.elementor-element-9aaec86 > .elementor-motion-effects-container > .elementor-motion-effects-layer{background-image:url(\"https:\/\/www.mindfulnessaccion.com\/wp-content\/uploads\/2023\/02\/bg-video.jpg\");background-position:center center;background-repeat:no-repeat;}.elementor-991312 .elementor-element.elementor-element-9aaec86{transition:background 0.3s, border 0.3s, border-radius 0.3s, box-shadow 0.3s;padding:50px 0px 0px 0px;}.elementor-991312 .elementor-element.elementor-element-9aaec86 > .elementor-background-overlay{transition:background 0.3s, border-radius 0.3s, opacity 0.3s;}.elementor-991312 .elementor-element.elementor-element-5d26129 > .elementor-element-populated{padding:0px 0px 0px 0px;}.elementor-991312 .elementor-element.elementor-element-d6e254e{text-align:center;}.elementor-991312 .elementor-element.elementor-element-d6e254e .elementor-heading-title{font-size:45px;color:#FFFFFF;}.elementor-991312 .elementor-element.elementor-element-7cc1b36{--spacer-size:50px;}.elementor-991312 .elementor-element.elementor-element-3163d5f{--spacer-size:50px;}<\/style>\t\t<div data-elementor-type=\"wp-page\" data-elementor-id=\"991312\" class=\"elementor elementor-991312 elementor-988946\" data-elementor-post-type=\"page\">\n\t\t\t\t\t\t<section class=\"elementor-section elementor-top-section elementor-element elementor-element-9aaec86 elementor-section-height-min-height elementor-section-boxed elementor-section-height-default elementor-section-items-middle\" data-id=\"9aaec86\" data-element_type=\"section\" data-e-type=\"section\" data-settings=\"{&quot;background_background&quot;:&quot;classic&quot;}\">\n\t\t\t\t\t\t<div class=\"elementor-container elementor-column-gap-default\">\n\t\t\t\t\t<div class=\"elementor-column elementor-col-100 elementor-top-column elementor-element elementor-element-5d26129\" data-id=\"5d26129\" data-element_type=\"column\" data-e-type=\"column\">\n\t\t\t<div class=\"elementor-widget-wrap elementor-element-populated\">\n\t\t\t\t\t\t<div class=\"elementor-element elementor-element-d6e254e elementor-widget elementor-widget-heading\" data-id=\"d6e254e\" data-element_type=\"widget\" data-e-type=\"widget\" data-widget_type=\"heading.default\">\n\t\t\t\t<div class=\"elementor-widget-container\">\n\t\t\t\t\t<h1 class=\"elementor-heading-title elementor-size-default\">\nPol\u00edtica de privacidad\n<\/h1>\t\t\t\t<\/div>\n\t\t\t\t<\/div>\n\t\t\t\t\t<\/div>\n\t\t<\/div>\n\t\t\t\t\t<\/div>\n\t\t<\/section>\n\t\t\t\t<section class=\"elementor-section elementor-top-section elementor-element elementor-element-6f3ca5a elementor-section-boxed elementor-section-height-default elementor-section-height-default\" data-id=\"6f3ca5a\" data-element_type=\"section\" data-e-type=\"section\">\n\t\t\t\t\t\t<div class=\"elementor-container elementor-column-gap-default\">\n\t\t\t\t\t<div class=\"elementor-column elementor-col-100 elementor-top-column elementor-element elementor-element-d1ff83e\" data-id=\"d1ff83e\" data-element_type=\"column\" data-e-type=\"column\">\n\t\t\t<div class=\"elementor-widget-wrap elementor-element-populated\">\n\t\t\t\t\t\t<div class=\"elementor-element elementor-element-7cc1b36 elementor-widget elementor-widget-spacer\" data-id=\"7cc1b36\" data-element_type=\"widget\" data-e-type=\"widget\" data-widget_type=\"spacer.default\">\n\t\t\t\t<div class=\"elementor-widget-container\">\n\t\t\t\t\t\t\t<div class=\"elementor-spacer\">\n\t\t\t<div class=\"elementor-spacer-inner\"><\/div>\n\t\t<\/div>\n\t\t\t\t\t\t<\/div>\n\t\t\t\t<\/div>\n\t\t\t\t<div class=\"elementor-element elementor-element-500dc22 elementor-widget elementor-widget-text-editor\" data-id=\"500dc22\" data-element_type=\"widget\" data-e-type=\"widget\" data-widget_type=\"text-editor.default\">\n\t\t\t\t<div class=\"elementor-widget-container\">\n\t\t\t\t\t\t\t\t\t<p><strong>JUAN CARLOS ESPEJO JIM\u00c9NEZ <\/strong>est\u00e1 especialmente sensibilizada en la protecci\u00f3n de datos de car\u00e1cter personal de los Usuarios de los servicios del sitio web. Mediante la presente Pol\u00edtica de Privacidad (en adelante, la Pol\u00edtica) <strong>JUAN CARLOS ESPEJO JIM\u00c9NEZ <\/strong>informa a los USUARIOS de este sitio web, de los usos a los que se someten los datos de car\u00e1cter personal que se recaban en sitio web, con la finalidad de que decidan, libre y voluntariamente, si desean facilitar la informaci\u00f3n solicitada.<\/p><p><strong>JUAN CARLOS ESPEJO JIM\u00c9NEZ <\/strong>se reserva la facultad de modificar esta Pol\u00edtica con el fin de adaptarla a novedades legislativas, criterios jurisprudenciales, pr\u00e1cticas del sector, o intereses de la entidad. Cualquier modificaci\u00f3n en la misma ser\u00e1 anunciada con la debida antelaci\u00f3n, a fin de que tenga perfecto conocimiento de su contenido.<\/p><h4><strong>RESPONSABLE<\/strong><\/h4><p>El Responsable del Tratamiento de los datos de car\u00e1cter personal es:<\/p><p>Identidad: <strong>JUAN CARLOS ESPEJO JIM\u00c9NEZ <\/strong>con CIF\/NIF: <strong>30944552F<\/strong>, en adelante ENTIDAD<\/p><p>Direcci\u00f3n: <strong>Calle Major, 242, 17162, Bescano, Girona <\/strong><\/p><p>Correo electr\u00f3nico: <strong>juancarles@mindfulnessaccion.com<\/strong><\/p><h4><strong>FINALIDAD DEL TRATAMIENTO<\/strong><\/h4><p>La recogida y tratamiento de los datos personales recogidos a trav\u00e9s del formulario de contacto, tiene como finalidad la gesti\u00f3n, administraci\u00f3n, prestaci\u00f3n, ampliaci\u00f3n y mejora de los servicios prestados por <strong>JUAN CARLOS ESPEJO JIM\u00c9NEZ <\/strong>dadas las solicitudes de informaci\u00f3n y\/o consultas planteadas.<\/p><h4><strong>PLAZO DE CONSERVACI\u00d3N<\/strong><\/h4><p>Los datos personales proporcionados se conservar\u00e1n durante el plazo correspondiente para cumplir con las obligaciones legales, o hasta que se solicite su supresi\u00f3n por el interesado y \u00e9ste est\u00e9 legitimado para ello.<\/p><h4><strong>LEGITIMACI\u00d3N<\/strong><\/h4><p><strong>JUAN CARLOS ESPEJO JIM\u00c9NEZ <\/strong>est\u00e1 legitimado al tratamiento de datos personales, en base al consentimiento otorgado por el interesado para uno o varias finalidades espec\u00edficas, tal y como recoge el art\u00edculo 6.1.a) del Reglamento General de Protecci\u00f3n de datos personales.<\/p><h4><strong>DESTINATARIOS<\/strong><\/h4><p>Los datos personales recabados no ser\u00e1n cedidos o comunicados a otros terceros, excepto en los supuestos necesarios para el desarrollo, control y cumplimiento de la\/s finalidad\/es expresada\/s, en los supuestos previstos seg\u00fan Ley, as\u00ed como en los casos espec\u00edficos, de los que se informe expresamente al Usuario.<\/p><h4><strong>DERECHOS DE LOS USUARIOS: <\/strong><\/h4><p>\u00bfCu\u00e1les son sus derechos cuando nos facilita sus datos?<\/p><ul><li>Acceso: El interesado tiene derecho a saber qu\u00e9 datos est\u00e1 tratando la ENTIDAD sobre \u00e9l.<\/li><li>Rectificaci\u00f3n: El interesado tiene derecho a solicitar la rectificaci\u00f3n de los datos inexactos.<\/li><li>Supresi\u00f3n: El interesado tiene derecho a solicitar la supresi\u00f3n de sus datos cuando, entro otros motivos, los datos no sean necesarios para las finalidades que fueron recogidos.<\/li><li>Limitaci\u00f3n del tratamiento: En determinadas circunstancias el interesado podr\u00e1 solicitar la limitaci\u00f3n del tratamiento de sus datos, en cuyo caso \u00fanicamente los conservaremos para el ejercicio o la defensa de reclamaciones.<\/li><li>Oposici\u00f3n: En determinadas circunstancias el interesado podr\u00e1 oponerse al tratamiento de sus datos. En este caso la ENTIDAD dejar\u00e1 de tratar sus datos, excepto por motivos leg\u00edtimos imperiosos o el ejercicio o la defensa de posibles reclamaciones.<\/li><li>Portabilidad de los datos: S\u00f3lo aplicable a datos automatizados y consiste en pasar los datos desde la ENTIDAD a otro nuevo RESPONSABLE DEL TRATAMIENTO (no al interesado y por solicitud del mismo).<\/li><\/ul><p>Puede usted ejercer sus derechos incluido el derecho a retirar su consentimiento (si \u00e9ste fue otorgado) enviando un escrito acompa\u00f1ado de su DNI a <strong>JUAN CARLOS ESPEJO JIM\u00c9NEZ <\/strong>en <strong>Calle Mayor, 242, 17162, Bescano, Girona <\/strong>o enviando un e-mail a <strong>juancarles@mindfulnessaccion.com<\/strong><\/p><p>Adem\u00e1s tiene usted derecho a presentar una reclamaci\u00f3n ante la Autoridad de Control en materia de Protecci\u00f3n de Datos, actualmente la Agencia Espa\u00f1ola de Protecci\u00f3n de Datos.<\/p><h4><strong>MEDIDAS DE SEGURIDAD<\/strong><\/h4><p>El responsable del tratamiento <strong>JUAN CARLOS ESPEJO JIM\u00c9NEZ <\/strong>aplicar\u00e1 medidas t\u00e9cnicas y organizativas apropiadas para garantizar un nivel de seguridad adecuado al riesgo del mismo.<\/p><h4><strong>TRANSFERENCIAS INTERNACIONALES<\/strong><\/h4><p>No se realizan transferencias internacionales.<\/p><h4><strong>PERFILES Y TOMAS DE DECISIONES AUTOMATIZADAS<\/strong><\/h4><p>No se elaboran perfiles, No se toman decisiones automatizadas con los datos facilitados por el usuario.<\/p>\t\t\t\t\t\t\t\t<\/div>\n\t\t\t\t<\/div>\n\t\t\t\t<div class=\"elementor-element elementor-element-3163d5f elementor-widget elementor-widget-spacer\" data-id=\"3163d5f\" data-element_type=\"widget\" data-e-type=\"widget\" data-widget_type=\"spacer.default\">\n\t\t\t\t<div class=\"elementor-widget-container\">\n\t\t\t\t\t\t\t<div class=\"elementor-spacer\">\n\t\t\t<div class=\"elementor-spacer-inner\"><\/div>\n\t\t<\/div>\n\t\t\t\t\t\t<\/div>\n\t\t\t\t<\/div>\n\t\t\t\t\t<\/div>\n\t\t<\/div>\n\t\t\t\t\t<\/div>\n\t\t<\/section>\n\t\t\t\t<\/div>\n\t\t","protected":false},"excerpt":{"rendered":"<p>Pol\u00edtica de privacidad JUAN CARLOS ESPEJO JIM\u00c9NEZ est\u00e1 especialmente sensibilizada en la protecci\u00f3n de datos de car\u00e1cter personal de los Usuarios de los servicios del sitio web. Mediante la presente Pol\u00edtica de Privacidad (en adelante, la Pol\u00edtica) JUAN CARLOS ESPEJO JIM\u00c9NEZ informa a los USUARIOS de este sitio web, de los usos a los que [&hellip;]<\/p>\n","protected":false},"author":1,"featured_media":0,"parent":0,"menu_order":0,"comment_status":"closed","ping_status":"closed","template":"","meta":{"rs_blank_template":"","rs_page_bg_color":"","slide_template_v7":"","_joinchat":[],"footnotes":""},"class_list":["post-991312","page","type-page","status-publish","hentry"],"yoast_head":"<!-- This site is optimized with the Yoast SEO plugin v27.2 - https:\/\/yoast.com\/product\/yoast-seo-wordpress\/ -->\n<title>Pol\u00edtica de privacidad - Mindfulnessaccio<\/title>\n<meta name=\"robots\" content=\"noindex, nofollow\" \/>\n<meta property=\"og:locale\" content=\"es_ES\" \/>\n<meta property=\"og:type\" content=\"article\" \/>\n<meta property=\"og:title\" content=\"Pol\u00edtica de privacidad - Mindfulnessaccio\" \/>\n<meta property=\"og:description\" content=\"Pol\u00edtica de privacidad JUAN CARLOS ESPEJO JIM\u00c9NEZ est\u00e1 especialmente sensibilizada en la protecci\u00f3n de datos de car\u00e1cter personal de los Usuarios de los servicios del sitio web. Mediante la presente Pol\u00edtica de Privacidad (en adelante, la Pol\u00edtica) JUAN CARLOS ESPEJO JIM\u00c9NEZ informa a los USUARIOS de este sitio web, de los usos a los que [&hellip;]\" \/>\n<meta property=\"og:url\" content=\"https:\/\/www.mindfulnessaccion.com\/es\/politica-de-privacidad\/\" \/>\n<meta property=\"og:site_name\" content=\"Mindfulnessaccio\" \/>\n<meta property=\"article:modified_time\" content=\"2023-06-22T22:36:56+00:00\" \/>\n<meta name=\"twitter:card\" content=\"summary_large_image\" \/>\n<meta name=\"twitter:label1\" content=\"Tiempo de lectura\" \/>\n\t<meta name=\"twitter:data1\" content=\"4 minutos\" \/>\n<script type=\"application\/ld+json\" class=\"yoast-schema-graph\">{\"@context\":\"https:\/\/schema.org\",\"@graph\":[{\"@type\":\"WebPage\",\"@id\":\"https:\/\/www.mindfulnessaccion.com\/es\/politica-de-privacidad\/\",\"url\":\"https:\/\/www.mindfulnessaccion.com\/es\/politica-de-privacidad\/\",\"name\":\"Pol\u00edtica de privacidad - Mindfulnessaccio\",\"isPartOf\":{\"@id\":\"https:\/\/www.mindfulnessaccion.com\/es\/#website\"},\"datePublished\":\"2023-05-24T10:28:00+00:00\",\"dateModified\":\"2023-06-22T22:36:56+00:00\",\"breadcrumb\":{\"@id\":\"https:\/\/www.mindfulnessaccion.com\/es\/politica-de-privacidad\/#breadcrumb\"},\"inLanguage\":\"es\",\"potentialAction\":[{\"@type\":\"ReadAction\",\"target\":[\"https:\/\/www.mindfulnessaccion.com\/es\/politica-de-privacidad\/\"]}]},{\"@type\":\"BreadcrumbList\",\"@id\":\"https:\/\/www.mindfulnessaccion.com\/es\/politica-de-privacidad\/#breadcrumb\",\"itemListElement\":[{\"@type\":\"ListItem\",\"position\":1,\"name\":\"Portada\",\"item\":\"https:\/\/www.mindfulnessaccion.com\/es\/\"},{\"@type\":\"ListItem\",\"position\":2,\"name\":\"Pol\u00edtica de privacidad\"}]},{\"@type\":\"WebSite\",\"@id\":\"https:\/\/www.mindfulnessaccion.com\/es\/#website\",\"url\":\"https:\/\/www.mindfulnessaccion.com\/es\/\",\"name\":\"Mindfulnessaccio\",\"description\":\"\",\"publisher\":{\"@id\":\"https:\/\/www.mindfulnessaccion.com\/es\/#organization\"},\"potentialAction\":[{\"@type\":\"SearchAction\",\"target\":{\"@type\":\"EntryPoint\",\"urlTemplate\":\"https:\/\/www.mindfulnessaccion.com\/es\/?s={search_term_string}\"},\"query-input\":{\"@type\":\"PropertyValueSpecification\",\"valueRequired\":true,\"valueName\":\"search_term_string\"}}],\"inLanguage\":\"es\"},{\"@type\":\"Organization\",\"@id\":\"https:\/\/www.mindfulnessaccion.com\/es\/#organization\",\"name\":\"Mindfulnessaccio\",\"url\":\"https:\/\/www.mindfulnessaccion.com\/es\/\",\"logo\":{\"@type\":\"ImageObject\",\"inLanguage\":\"es\",\"@id\":\"https:\/\/www.mindfulnessaccion.com\/es\/#\/schema\/logo\/image\/\",\"url\":\"https:\/\/www.mindfulnessaccion.com\/wp-content\/uploads\/2021\/07\/logo.svg\",\"contentUrl\":\"https:\/\/www.mindfulnessaccion.com\/wp-content\/uploads\/2021\/07\/logo.svg\",\"width\":96,\"height\":28,\"caption\":\"Mindfulnessaccio\"},\"image\":{\"@id\":\"https:\/\/www.mindfulnessaccion.com\/es\/#\/schema\/logo\/image\/\"}}]}<\/script>\n<!-- \/ Yoast SEO plugin. -->","yoast_head_json":{"title":"Pol\u00edtica de privacidad - Mindfulnessaccio","robots":{"index":"noindex","follow":"nofollow"},"og_locale":"es_ES","og_type":"article","og_title":"Pol\u00edtica de privacidad - Mindfulnessaccio","og_description":"Pol\u00edtica de privacidad JUAN CARLOS ESPEJO JIM\u00c9NEZ est\u00e1 especialmente sensibilizada en la protecci\u00f3n de datos de car\u00e1cter personal de los Usuarios de los servicios del sitio web. Mediante la presente Pol\u00edtica de Privacidad (en adelante, la Pol\u00edtica) JUAN CARLOS ESPEJO JIM\u00c9NEZ informa a los USUARIOS de este sitio web, de los usos a los que [&hellip;]","og_url":"https:\/\/www.mindfulnessaccion.com\/es\/politica-de-privacidad\/","og_site_name":"Mindfulnessaccio","article_modified_time":"2023-06-22T22:36:56+00:00","twitter_card":"summary_large_image","twitter_misc":{"Tiempo de lectura":"4 minutos"},"schema":{"@context":"https:\/\/schema.org","@graph":[{"@type":"WebPage","@id":"https:\/\/www.mindfulnessaccion.com\/es\/politica-de-privacidad\/","url":"https:\/\/www.mindfulnessaccion.com\/es\/politica-de-privacidad\/","name":"Pol\u00edtica de privacidad - Mindfulnessaccio","isPartOf":{"@id":"https:\/\/www.mindfulnessaccion.com\/es\/#website"},"datePublished":"2023-05-24T10:28:00+00:00","dateModified":"2023-06-22T22:36:56+00:00","breadcrumb":{"@id":"https:\/\/www.mindfulnessaccion.com\/es\/politica-de-privacidad\/#breadcrumb"},"inLanguage":"es","potentialAction":[{"@type":"ReadAction","target":["https:\/\/www.mindfulnessaccion.com\/es\/politica-de-privacidad\/"]}]},{"@type":"BreadcrumbList","@id":"https:\/\/www.mindfulnessaccion.com\/es\/politica-de-privacidad\/#breadcrumb","itemListElement":[{"@type":"ListItem","position":1,"name":"Portada","item":"https:\/\/www.mindfulnessaccion.com\/es\/"},{"@type":"ListItem","position":2,"name":"Pol\u00edtica de privacidad"}]},{"@type":"WebSite","@id":"https:\/\/www.mindfulnessaccion.com\/es\/#website","url":"https:\/\/www.mindfulnessaccion.com\/es\/","name":"Mindfulnessaccio","description":"","publisher":{"@id":"https:\/\/www.mindfulnessaccion.com\/es\/#organization"},"potentialAction":[{"@type":"SearchAction","target":{"@type":"EntryPoint","urlTemplate":"https:\/\/www.mindfulnessaccion.com\/es\/?s={search_term_string}"},"query-input":{"@type":"PropertyValueSpecification","valueRequired":true,"valueName":"search_term_string"}}],"inLanguage":"es"},{"@type":"Organization","@id":"https:\/\/www.mindfulnessaccion.com\/es\/#organization","name":"Mindfulnessaccio","url":"https:\/\/www.mindfulnessaccion.com\/es\/","logo":{"@type":"ImageObject","inLanguage":"es","@id":"https:\/\/www.mindfulnessaccion.com\/es\/#\/schema\/logo\/image\/","url":"https:\/\/www.mindfulnessaccion.com\/wp-content\/uploads\/2021\/07\/logo.svg","contentUrl":"https:\/\/www.mindfulnessaccion.com\/wp-content\/uploads\/2021\/07\/logo.svg","width":96,"height":28,"caption":"Mindfulnessaccio"},"image":{"@id":"https:\/\/www.mindfulnessaccion.com\/es\/#\/schema\/logo\/image\/"}}]}},"_links":{"self":[{"href":"https:\/\/www.mindfulnessaccion.com\/es\/wp-json\/wp\/v2\/pages\/991312","targetHints":{"allow":["GET"]}}],"collection":[{"href":"https:\/\/www.mindfulnessaccion.com\/es\/wp-json\/wp\/v2\/pages"}],"about":[{"href":"https:\/\/www.mindfulnessaccion.com\/es\/wp-json\/wp\/v2\/types\/page"}],"author":[{"embeddable":true,"href":"https:\/\/www.mindfulnessaccion.com\/es\/wp-json\/wp\/v2\/users\/1"}],"replies":[{"embeddable":true,"href":"https:\/\/www.mindfulnessaccion.com\/es\/wp-json\/wp\/v2\/comments?post=991312"}],"version-history":[{"count":8,"href":"https:\/\/www.mindfulnessaccion.com\/es\/wp-json\/wp\/v2\/pages\/991312\/revisions"}],"predecessor-version":[{"id":991589,"href":"https:\/\/www.mindfulnessaccion.com\/es\/wp-json\/wp\/v2\/pages\/991312\/revisions\/991589"}],"wp:attachment":[{"href":"https:\/\/www.mindfulnessaccion.com\/es\/wp-json\/wp\/v2\/media?parent=991312"}],"curies":[{"name":"wp","href":"https:\/\/api.w.org\/{rel}","templated":true}]}}